{"id":572,"date":"2019-04-02T09:28:30","date_gmt":"2019-04-02T09:28:30","guid":{"rendered":"https:\/\/vidaromoravia.cz\/?page_id=572"},"modified":"2019-04-02T16:58:01","modified_gmt":"2019-04-02T16:58:01","slug":"%d0%b2%d0%b0%d0%ba%d0%b0%d0%bd%d1%81%d0%b8%d0%b8-%d0%bd%d0%b0-%d1%80%d0%b0%d0%b1%d0%be%d1%82%d1%83","status":"publish","type":"page","link":"https:\/\/vidaromoravia.cz\/ru\/%d0%b2%d0%b0%d0%ba%d0%b0%d0%bd%d1%81%d0%b8%d0%b8-%d0%bd%d0%b0-%d1%80%d0%b0%d0%b1%d0%be%d1%82%d1%83\/","title":{"rendered":"\u0412\u0430\u043a\u0430\u043d\u0441\u0438\u0438 \u043d\u0430 \u0440\u0430\u0431\u043e\u0442\u0443"},"content":{"rendered":"<p>[et_pb_section bb_built=&#187;1&#8243; module_class=&#187;welcome_podstranka&#187; _builder_version=&#187;3.19.4&#8243; background_image=&#187;https:\/\/vidaromoravia.cz\/wp-content\/uploads\/2019\/02\/viza_bg.jpg&#187; custom_padding=&#187;|0px||0|false|false&#187; next_background_color=&#187;#ffffff&#187;][et_pb_row _builder_version=&#187;3.19.4&#8243;][et_pb_column type=&#187;4_4&#8243;][et_pb_text _builder_version=&#187;3.19.4&#8243; text_orientation=&#187;center&#187; background_layout=&#187;dark&#187;]<\/p>\n<h1>\u0412\u0430\u043a\u0430\u043d\u0441\u0438\u0438 \u043d\u0430 \u0440\u0430\u0431\u043e\u0442\u0443<\/h1>\n<p>[\/et_pb_text][\/et_pb_column][\/et_pb_row][\/et_pb_section][et_pb_section bb_built=&#187;1&#8243; _builder_version=&#187;3.19.4&#8243; custom_padding=&#187;80px|0px||0px|false|false&#187; prev_background_color=&#187;#000000&#8243; next_background_color=&#187;#000000&#8243;][et_pb_row _builder_version=&#187;3.19.4&#8243;][et_pb_column type=&#187;1_5&#8243;][et_pb_blurb title=&#187;\u0424\u0443\u043d\u0434\u0430\u043c\u0435\u043d\u0442&#187; image=&#187;https:\/\/vidaromoravia.cz\/wp-content\/uploads\/2019\/02\/SHIELD.png&#187; _builder_version=&#187;3.19.4&#8243; header_level=&#187;h3&#8243; header_font=&#187;|800|||||||&#187; body_text_align=&#187;center&#187; text_orientation=&#187;center&#187; animation=&#187;off&#187; custom_css_blurb_image=&#187;max-width: 100px;&#187;]<\/p>\n<p>[\/et_pb_blurb][\/et_pb_column][et_pb_column type=&#187;1_5&#8243;][et_pb_blurb title=&#187;\u0420\u0430\u0437\u043d\u043e\u043e\u0431\u0440\u0430\u0437\u043d\u0430\u044f \u0440\u0430\u0431\u043e\u0442\u0430&#187; image=&#187;https:\/\/vidaromoravia.cz\/wp-content\/uploads\/2019\/02\/palette.png&#187; _builder_version=&#187;3.19.4&#8243; header_level=&#187;h3&#8243; header_font=&#187;|800|||||||&#187; body_text_align=&#187;center&#187; text_orientation=&#187;center&#187; animation=&#187;off&#187; custom_css_blurb_image=&#187;max-width: 100px;&#187;]<\/p>\n<p>[\/et_pb_blurb][\/et_pb_column][et_pb_column type=&#187;1_5&#8243;][et_pb_blurb title=&#187;\u041e\u0441\u043d\u043e\u0432\u043d\u0430\u044f \u0437\u0430\u0440\u0430\u0431\u043e\u0442\u043d\u0430\u044f \u043f\u043b\u0430\u0442\u0430&#187; image=&#187;https:\/\/vidaromoravia.cz\/wp-content\/uploads\/2019\/03\/coin.png&#187; _builder_version=&#187;3.19.4&#8243; header_level=&#187;h3&#8243; header_font=&#187;|800|||||||&#187; body_text_align=&#187;center&#187; text_orientation=&#187;center&#187; animation=&#187;off&#187; custom_css_blurb_image=&#187;max-width: 100px;&#187;]<\/p>\n<p>[\/et_pb_blurb][\/et_pb_column][et_pb_column type=&#187;1_5&#8243;][et_pb_blurb title=&#187;\u041e\u043f\u043b\u0430\u0442\u0430 \u0441\u0432\u0435\u0440\u0445\u0443\u0440\u043e\u0447\u043d\u043e\u0439 \u0440\u0430\u0431\u043e\u0442\u044b&#187; image=&#187;https:\/\/vidaromoravia.cz\/wp-content\/uploads\/2019\/02\/time.png&#187; _builder_version=&#187;3.19.4&#8243; header_level=&#187;h3&#8243; header_font=&#187;|800|||||||&#187; body_text_align=&#187;center&#187; text_orientation=&#187;center&#187; animation=&#187;off&#187; custom_css_blurb_image=&#187;max-width: 100px;&#187;]<\/p>\n<p>[\/et_pb_blurb][\/et_pb_column][et_pb_column type=&#187;1_5&#8243;][et_pb_blurb title=&#187;\u0411\u043e\u043d\u0443\u0441\u044b \u043e\u0442 \u043a\u043e\u043c\u043f\u0430\u043d\u0438\u0438&#187; image=&#187;https:\/\/vidaromoravia.cz\/wp-content\/uploads\/2019\/02\/confirm.png&#187; _builder_version=&#187;3.19.4&#8243; header_level=&#187;h3&#8243; header_font=&#187;|800|||||||&#187; body_text_align=&#187;center&#187; text_orientation=&#187;center&#187; animation=&#187;off&#187; custom_css_blurb_image=&#187;max-width: 100px;&#187;]<\/p>\n<p>[\/et_pb_blurb][\/et_pb_column][\/et_pb_row][\/et_pb_section][et_pb_section bb_built=&#187;1&#8243; _builder_version=&#187;3.19.4&#8243; custom_padding=&#187;0|0px|53.0313px|0px|false|false&#187; prev_background_color=&#187;#000000&#8243; next_background_color=&#187;#000000&#8243; global_module=&#187;598&#8243;][et_pb_row global_parent=&#187;598&#8243; _builder_version=&#187;3.19.4&#8243;][et_pb_column type=&#187;4_4&#8243;][et_pb_text global_parent=&#187;598&#8243; module_class=&#187;h2_podtrzeni&#187; _builder_version=&#187;3.19.4&#8243;]<\/p>\n<h2>\u041f\u0440\u0435\u0434\u043b\u043e\u0436\u0435\u043d\u0438\u0435 \u0432\u0430\u043a\u0430\u043d\u0441\u0438\u0439<\/h2>\n<\/p>\n<p>[\/et_pb_text][\/et_pb_column][\/et_pb_row][et_pb_row global_parent=&#187;598&#8243; _builder_version=&#187;3.19.4&#8243;][et_pb_column type=&#187;1_3&#8243;][et_pb_text global_parent=&#187;598&#8243; module_class=&#187;pozice&#187; _builder_version=&#187;3.19.4&#8243;]<\/p>\n<h3>\u041a\u0430\u043c\u0435\u043d\u0449\u0438\u043a<\/h3>\n<p>100 &#8212; 110 \u043a\u0440\u043e\u043d \/ \u0447\u0430\u0441<\/p>\n<p><a class=\"tlacitko\" href=\"https:\/\/vidaromoravia.cz\/pracovni-nabidky\/zednik\/\">\u041e \u0440\u0430\u0431\u043e\u0447\u0435\u0439 \u0432\u0430\u043a\u0430\u043d\u0441\u0438\u0438<\/a><\/p>\n<\/p>\n<p>[\/et_pb_text][\/et_pb_column][et_pb_column type=&#187;1_3&#8243;][et_pb_text global_parent=&#187;598&#8243; module_class=&#187;pozice&#187; _builder_version=&#187;3.19.4&#8243;]<\/p>\n<h3>\u0421\u0442\u0440\u043e\u0438\u0442\u0435\u043b\u044c<\/h3>\n<p>90 &#8212; 100 \u043a\u0440\u043e\u043d \/ \u0447\u0430\u0441<\/p>\n<p><a class=\"tlacitko\" href=\"https:\/\/vidaromoravia.cz\/pracovni-nabidky\/pomocny-delnik\/\">\u041e \u0440\u0430\u0431\u043e\u0447\u0435\u0439 \u0432\u0430\u043a\u0430\u043d\u0441\u0438\u0438<\/a><\/p>\n<\/p>\n<p>[\/et_pb_text][\/et_pb_column][et_pb_column type=&#187;1_3&#8243;][et_pb_text global_parent=&#187;598&#8243; module_class=&#187;pozice&#187; _builder_version=&#187;3.19.4&#8243;]<\/p>\n<h3>\u042d\u043b\u0435\u043a\u0442\u0440\u0438\u043a<\/h3>\n<p>100 &#8212; 110 \u043a\u0440\u043e\u043d \/ \u0447\u0430\u0441<\/p>\n<p><a class=\"tlacitko\" href=\"https:\/\/vidaromoravia.cz\/pracovni-nabidky\/elektrikar\/\">\u041e \u0440\u0430\u0431\u043e\u0447\u0435\u0439 \u0432\u0430\u043a\u0430\u043d\u0441\u0438\u0438<\/a><\/p>\n<\/p>\n<p>[\/et_pb_text][\/et_pb_column][\/et_pb_row][et_pb_row global_parent=&#187;598&#8243; _builder_version=&#187;3.19.4&#8243;][et_pb_column type=&#187;1_3&#8243;][et_pb_text global_parent=&#187;598&#8243; module_class=&#187;pozice&#187; _builder_version=&#187;3.19.4&#8243;]<\/p>\n<h3>\u0413\u043e\u0440\u043d\u0438\u0447\u043d\u0430\u044f<\/h3>\n<p>75 &#8212; 85 \u043a\u0440\u043e\u043d \/ \u0447\u0430\u0441<\/p>\n<p><a class=\"tlacitko\" href=\"https:\/\/vidaromoravia.cz\/pracovni-nabidky\/pokojska\/\">\u041e \u0440\u0430\u0431\u043e\u0447\u0435\u0439 \u0432\u0430\u043a\u0430\u043d\u0441\u0438\u0438<\/a><\/p>\n<\/p>\n<p>[\/et_pb_text][\/et_pb_column][et_pb_column type=&#187;1_3&#8243;][et_pb_text global_parent=&#187;598&#8243; module_class=&#187;pozice&#187; _builder_version=&#187;3.19.4&#8243;]<\/p>\n<h3>\u0421\u0432\u0430\u0440\u0449\u0438\u043a<\/h3>\n<p>100 &#8212; 110 \u043a\u0440\u043e\u043d \/ \u0447\u0430\u0441<\/p>\n<p><a class=\"tlacitko\" href=\"https:\/\/vidaromoravia.cz\/pracovni-nabidky\/svarec\/\">\u041e \u0440\u0430\u0431\u043e\u0447\u0435\u0439 \u0432\u0430\u043a\u0430\u043d\u0441\u0438\u0438<\/a><\/p>\n<\/p>\n<p>[\/et_pb_text][\/et_pb_column][et_pb_column type=&#187;1_3&#8243;][et_pb_text global_parent=&#187;598&#8243; module_class=&#187;pozice&#187; _builder_version=&#187;3.19.4&#8243;]<\/p>\n<h3>\u0423\u0431\u043e\u0440\u0449\u0438\u0446\u0430<\/h3>\n<p>75 &#8212; 85 \u043a\u0440\u043e\u043d \/ \u0447\u0430\u0441<\/p>\n<p><a class=\"tlacitko\" href=\"https:\/\/vidaromoravia.cz\/pracovni-nabidky\/uklizecka\/\">\u041e \u0440\u0430\u0431\u043e\u0447\u0435\u0439 \u0432\u0430\u043a\u0430\u043d\u0441\u0438\u0438<\/a><\/p>\n<\/p>\n<p>[\/et_pb_text][\/et_pb_column][\/et_pb_row][\/et_pb_section][et_pb_section bb_built=&#187;1&#8243; _builder_version=&#187;3.19.4&#8243; custom_padding=&#187;|0px||0px|false|false&#187; prev_background_color=&#187;#000000&#8243;][et_pb_row _builder_version=&#187;3.19.4&#8243;][et_pb_column type=&#187;4_4&#8243;][et_pb_text module_class=&#187;h2_podtrzeni&#187; _builder_version=&#187;3.19.4&#8243;]<\/p>\n<h2>\u041d\u0435 \u0437\u0430\u0442\u0440\u0443\u0434\u043d\u044f\u0439\u0442\u0435\u0441\u044c \u043e\u0431\u0440\u0430\u0442\u0438\u0442\u044c\u0441\u044f \u043a \u043d\u0430\u043c<\/h2>\n<\/p>\n<p>[\/et_pb_text][\/et_pb_column][\/et_pb_row][et_pb_row _builder_version=&#187;3.19.4&#8243;][et_pb_column type=&#187;1_2&#8243;][et_pb_blurb title=&#187;\u041d\u043e\u043c\u0435\u0440 \u0442\u0435\u043b\u0435\u0444\u043e\u043d\u0430&#187; image=&#187;https:\/\/vidaromoravia.cz\/wp-content\/uploads\/2019\/02\/phone.png&#187; module_class=&#187;kontakt_box&#187; _builder_version=&#187;3.19.4&#8243; header_level=&#187;h3&#8243; header_text_align=&#187;center&#187; text_orientation=&#187;center&#187; animation=&#187;off&#187;]<\/p>\n<p>+420 774 434 144<\/p>\n<\/p>\n<p>[\/et_pb_blurb][\/et_pb_column][et_pb_column type=&#187;1_2&#8243;][et_pb_blurb title=&#187;\u0410\u0434\u0440\u0435\u0441 \u044d\u043b\u0435\u043a\u0442\u0440\u043e\u043d\u043d\u043e\u0439 \u043f\u043e\u0447\u0442\u044b&#187; image=&#187;https:\/\/vidaromoravia.cz\/wp-content\/uploads\/2019\/02\/email.png&#187; module_class=&#187;kontakt_box&#187; _builder_version=&#187;3.19.4&#8243; header_level=&#187;h3&#8243; header_text_align=&#187;center&#187; text_orientation=&#187;center&#187; animation=&#187;off&#187;]<\/p>\n<p>info@vidaromoravia.cz<\/p>\n<\/p>\n<p>[\/et_pb_blurb][\/et_pb_column][\/et_pb_row][\/et_pb_section]<\/p>\n","protected":false},"excerpt":{"rendered":"<p>\u0412\u0430\u043a\u0430\u043d\u0441\u0438\u0438 \u043d\u0430 \u0440\u0430\u0431\u043e\u0442\u0443 \u041f\u0440\u0435\u0434\u043b\u043e\u0436\u0435\u043d\u0438\u0435 \u0432\u0430\u043a\u0430\u043d\u0441\u0438\u0439 \u041a\u0430\u043c\u0435\u043d\u0449\u0438\u043a 100 &#8212; 110 \u043a\u0440\u043e\u043d \/ \u0447\u0430\u0441 \u041e \u0440\u0430\u0431\u043e\u0447\u0435\u0439 \u0432\u0430\u043a\u0430\u043d\u0441\u0438\u0438 \u0421\u0442\u0440\u043e\u0438\u0442\u0435\u043b\u044c 90 &#8212; 100 \u043a\u0440\u043e\u043d \/ \u0447\u0430\u0441 \u041e \u0440\u0430\u0431\u043e\u0447\u0435\u0439 \u0432\u0430\u043a\u0430\u043d\u0441\u0438\u0438 \u042d\u043b\u0435\u043a\u0442\u0440\u0438\u043a 100 &#8212; 110 \u043a\u0440\u043e\u043d \/ \u0447\u0430\u0441 \u041e \u0440\u0430\u0431\u043e\u0447\u0435\u0439 \u0432\u0430\u043a\u0430\u043d\u0441\u0438\u0438 \u0413\u043e\u0440\u043d\u0438\u0447\u043d\u0430\u044f 75 &#8212; 85 \u043a\u0440\u043e\u043d \/ \u0447\u0430\u0441 \u041e \u0440\u0430\u0431\u043e\u0447\u0435\u0439 \u0432\u0430\u043a\u0430\u043d\u0441\u0438\u0438 \u0421\u0432\u0430\u0440\u0449\u0438\u043a 100 &#8212; 110 \u043a\u0440\u043e\u043d \/ \u0447\u0430\u0441 \u041e \u0440\u0430\u0431\u043e\u0447\u0435\u0439 \u0432\u0430\u043a\u0430\u043d\u0441\u0438\u0438 [&hellip;]<\/p>\n","protected":false},"author":1,"featured_media":0,"parent":0,"menu_order":0,"comment_status":"closed","ping_status":"closed","template":"","meta":{"_et_pb_use_builder":"on","_et_pb_old_content":"","_et_gb_content_width":"","footnotes":""},"class_list":["post-572","page","type-page","status-publish","hentry"],"yoast_head":"<!-- This site is optimized with the Yoast SEO plugin v27.3 - https:\/\/yoast.com\/product\/yoast-seo-wordpress\/ -->\n<title>\u0412\u0430\u043a\u0430\u043d\u0441\u0438\u0438 \u043d\u0430 \u0440\u0430\u0431\u043e\u0442\u0443 - Vidaro Moravia - profesion\u00e1ln\u00ed poradenstv\u00ed<\/title>\n<meta name=\"robots\" content=\"index, follow, max-snippet:-1, max-image-preview:large, max-video-preview:-1\" \/>\n<link rel=\"canonical\" href=\"https:\/\/vidaromoravia.cz\/pracovni-nabidky\/\" \/>\n<meta property=\"og:locale\" content=\"ru_RU\" \/>\n<meta property=\"og:type\" content=\"article\" \/>\n<meta property=\"og:title\" content=\"\u0412\u0430\u043a\u0430\u043d\u0441\u0438\u0438 \u043d\u0430 \u0440\u0430\u0431\u043e\u0442\u0443 - Vidaro Moravia - profesion\u00e1ln\u00ed poradenstv\u00ed\" \/>\n<meta property=\"og:description\" content=\"\u0412\u0430\u043a\u0430\u043d\u0441\u0438\u0438 \u043d\u0430 \u0440\u0430\u0431\u043e\u0442\u0443 \u041f\u0440\u0435\u0434\u043b\u043e\u0436\u0435\u043d\u0438\u0435 \u0432\u0430\u043a\u0430\u043d\u0441\u0438\u0439 \u041a\u0430\u043c\u0435\u043d\u0449\u0438\u043a 100 - 110 \u043a\u0440\u043e\u043d \/ \u0447\u0430\u0441 \u041e \u0440\u0430\u0431\u043e\u0447\u0435\u0439 \u0432\u0430\u043a\u0430\u043d\u0441\u0438\u0438 \u0421\u0442\u0440\u043e\u0438\u0442\u0435\u043b\u044c 90 - 100 \u043a\u0440\u043e\u043d \/ \u0447\u0430\u0441 \u041e \u0440\u0430\u0431\u043e\u0447\u0435\u0439 \u0432\u0430\u043a\u0430\u043d\u0441\u0438\u0438 \u042d\u043b\u0435\u043a\u0442\u0440\u0438\u043a 100 - 110 \u043a\u0440\u043e\u043d \/ \u0447\u0430\u0441 \u041e \u0440\u0430\u0431\u043e\u0447\u0435\u0439 \u0432\u0430\u043a\u0430\u043d\u0441\u0438\u0438 \u0413\u043e\u0440\u043d\u0438\u0447\u043d\u0430\u044f 75 - 85 \u043a\u0440\u043e\u043d \/ \u0447\u0430\u0441 \u041e \u0440\u0430\u0431\u043e\u0447\u0435\u0439 \u0432\u0430\u043a\u0430\u043d\u0441\u0438\u0438 \u0421\u0432\u0430\u0440\u0449\u0438\u043a 100 - 110 \u043a\u0440\u043e\u043d \/ \u0447\u0430\u0441 \u041e \u0440\u0430\u0431\u043e\u0447\u0435\u0439 \u0432\u0430\u043a\u0430\u043d\u0441\u0438\u0438 [&hellip;]\" \/>\n<meta property=\"og:url\" content=\"https:\/\/vidaromoravia.cz\/pracovni-nabidky\/\" \/>\n<meta property=\"og:site_name\" content=\"Vidaro Moravia - profesion\u00e1ln\u00ed poradenstv\u00ed\" \/>\n<meta property=\"article:modified_time\" content=\"2019-04-02T16:58:01+00:00\" \/>\n<meta name=\"twitter:card\" content=\"summary_large_image\" \/>\n<meta name=\"twitter:label1\" content=\"\u041f\u0440\u0438\u043c\u0435\u0440\u043d\u043e\u0435 \u0432\u0440\u0435\u043c\u044f \u0434\u043b\u044f \u0447\u0442\u0435\u043d\u0438\u044f\" \/>\n\t<meta name=\"twitter:data1\" content=\"3 \u043c\u0438\u043d\u0443\u0442\u044b\" \/>\n<script type=\"application\/ld+json\" class=\"yoast-schema-graph\">{\"@context\":\"https:\\\/\\\/schema.org\",\"@graph\":[{\"@type\":\"WebPage\",\"@id\":\"https:\\\/\\\/vidaromoravia.cz\\\/pracovni-nabidky\\\/\",\"url\":\"https:\\\/\\\/vidaromoravia.cz\\\/pracovni-nabidky\\\/\",\"name\":\"\u0412\u0430\u043a\u0430\u043d\u0441\u0438\u0438 \u043d\u0430 \u0440\u0430\u0431\u043e\u0442\u0443 - Vidaro Moravia - profesion\u00e1ln\u00ed poradenstv\u00ed\",\"isPartOf\":{\"@id\":\"https:\\\/\\\/vidaromoravia.cz\\\/#website\"},\"datePublished\":\"2019-04-02T09:28:30+00:00\",\"dateModified\":\"2019-04-02T16:58:01+00:00\",\"breadcrumb\":{\"@id\":\"https:\\\/\\\/vidaromoravia.cz\\\/pracovni-nabidky\\\/#breadcrumb\"},\"inLanguage\":\"ru-RU\",\"potentialAction\":[{\"@type\":\"ReadAction\",\"target\":[\"https:\\\/\\\/vidaromoravia.cz\\\/pracovni-nabidky\\\/\"]}]},{\"@type\":\"BreadcrumbList\",\"@id\":\"https:\\\/\\\/vidaromoravia.cz\\\/pracovni-nabidky\\\/#breadcrumb\",\"itemListElement\":[{\"@type\":\"ListItem\",\"position\":1,\"name\":\"Home\",\"item\":\"https:\\\/\\\/vidaromoravia.cz\\\/ru\\\/\"},{\"@type\":\"ListItem\",\"position\":2,\"name\":\"\u0412\u0430\u043a\u0430\u043d\u0441\u0438\u0438 \u043d\u0430 \u0440\u0430\u0431\u043e\u0442\u0443\"}]},{\"@type\":\"WebSite\",\"@id\":\"https:\\\/\\\/vidaromoravia.cz\\\/#website\",\"url\":\"https:\\\/\\\/vidaromoravia.cz\\\/\",\"name\":\"Vidaro Moravia - profesion\u00e1ln\u00ed poradenstv\u00ed\",\"description\":\"\",\"potentialAction\":[{\"@type\":\"SearchAction\",\"target\":{\"@type\":\"EntryPoint\",\"urlTemplate\":\"https:\\\/\\\/vidaromoravia.cz\\\/?s={search_term_string}\"},\"query-input\":{\"@type\":\"PropertyValueSpecification\",\"valueRequired\":true,\"valueName\":\"search_term_string\"}}],\"inLanguage\":\"ru-RU\"}]}<\/script>\n<!-- \/ Yoast SEO plugin. -->","yoast_head_json":{"title":"\u0412\u0430\u043a\u0430\u043d\u0441\u0438\u0438 \u043d\u0430 \u0440\u0430\u0431\u043e\u0442\u0443 - Vidaro Moravia - profesion\u00e1ln\u00ed poradenstv\u00ed","robots":{"index":"index","follow":"follow","max-snippet":"max-snippet:-1","max-image-preview":"max-image-preview:large","max-video-preview":"max-video-preview:-1"},"canonical":"https:\/\/vidaromoravia.cz\/pracovni-nabidky\/","og_locale":"ru_RU","og_type":"article","og_title":"\u0412\u0430\u043a\u0430\u043d\u0441\u0438\u0438 \u043d\u0430 \u0440\u0430\u0431\u043e\u0442\u0443 - Vidaro Moravia - profesion\u00e1ln\u00ed poradenstv\u00ed","og_description":"\u0412\u0430\u043a\u0430\u043d\u0441\u0438\u0438 \u043d\u0430 \u0440\u0430\u0431\u043e\u0442\u0443 \u041f\u0440\u0435\u0434\u043b\u043e\u0436\u0435\u043d\u0438\u0435 \u0432\u0430\u043a\u0430\u043d\u0441\u0438\u0439 \u041a\u0430\u043c\u0435\u043d\u0449\u0438\u043a 100 - 110 \u043a\u0440\u043e\u043d \/ \u0447\u0430\u0441 \u041e \u0440\u0430\u0431\u043e\u0447\u0435\u0439 \u0432\u0430\u043a\u0430\u043d\u0441\u0438\u0438 \u0421\u0442\u0440\u043e\u0438\u0442\u0435\u043b\u044c 90 - 100 \u043a\u0440\u043e\u043d \/ \u0447\u0430\u0441 \u041e \u0440\u0430\u0431\u043e\u0447\u0435\u0439 \u0432\u0430\u043a\u0430\u043d\u0441\u0438\u0438 \u042d\u043b\u0435\u043a\u0442\u0440\u0438\u043a 100 - 110 \u043a\u0440\u043e\u043d \/ \u0447\u0430\u0441 \u041e \u0440\u0430\u0431\u043e\u0447\u0435\u0439 \u0432\u0430\u043a\u0430\u043d\u0441\u0438\u0438 \u0413\u043e\u0440\u043d\u0438\u0447\u043d\u0430\u044f 75 - 85 \u043a\u0440\u043e\u043d \/ \u0447\u0430\u0441 \u041e \u0440\u0430\u0431\u043e\u0447\u0435\u0439 \u0432\u0430\u043a\u0430\u043d\u0441\u0438\u0438 \u0421\u0432\u0430\u0440\u0449\u0438\u043a 100 - 110 \u043a\u0440\u043e\u043d \/ \u0447\u0430\u0441 \u041e \u0440\u0430\u0431\u043e\u0447\u0435\u0439 \u0432\u0430\u043a\u0430\u043d\u0441\u0438\u0438 [&hellip;]","og_url":"https:\/\/vidaromoravia.cz\/pracovni-nabidky\/","og_site_name":"Vidaro Moravia - profesion\u00e1ln\u00ed poradenstv\u00ed","article_modified_time":"2019-04-02T16:58:01+00:00","twitter_card":"summary_large_image","twitter_misc":{"\u041f\u0440\u0438\u043c\u0435\u0440\u043d\u043e\u0435 \u0432\u0440\u0435\u043c\u044f \u0434\u043b\u044f \u0447\u0442\u0435\u043d\u0438\u044f":"3 \u043c\u0438\u043d\u0443\u0442\u044b"},"schema":{"@context":"https:\/\/schema.org","@graph":[{"@type":"WebPage","@id":"https:\/\/vidaromoravia.cz\/pracovni-nabidky\/","url":"https:\/\/vidaromoravia.cz\/pracovni-nabidky\/","name":"\u0412\u0430\u043a\u0430\u043d\u0441\u0438\u0438 \u043d\u0430 \u0440\u0430\u0431\u043e\u0442\u0443 - Vidaro Moravia - profesion\u00e1ln\u00ed poradenstv\u00ed","isPartOf":{"@id":"https:\/\/vidaromoravia.cz\/#website"},"datePublished":"2019-04-02T09:28:30+00:00","dateModified":"2019-04-02T16:58:01+00:00","breadcrumb":{"@id":"https:\/\/vidaromoravia.cz\/pracovni-nabidky\/#breadcrumb"},"inLanguage":"ru-RU","potentialAction":[{"@type":"ReadAction","target":["https:\/\/vidaromoravia.cz\/pracovni-nabidky\/"]}]},{"@type":"BreadcrumbList","@id":"https:\/\/vidaromoravia.cz\/pracovni-nabidky\/#breadcrumb","itemListElement":[{"@type":"ListItem","position":1,"name":"Home","item":"https:\/\/vidaromoravia.cz\/ru\/"},{"@type":"ListItem","position":2,"name":"\u0412\u0430\u043a\u0430\u043d\u0441\u0438\u0438 \u043d\u0430 \u0440\u0430\u0431\u043e\u0442\u0443"}]},{"@type":"WebSite","@id":"https:\/\/vidaromoravia.cz\/#website","url":"https:\/\/vidaromoravia.cz\/","name":"Vidaro Moravia - profesion\u00e1ln\u00ed poradenstv\u00ed","description":"","potentialAction":[{"@type":"SearchAction","target":{"@type":"EntryPoint","urlTemplate":"https:\/\/vidaromoravia.cz\/?s={search_term_string}"},"query-input":{"@type":"PropertyValueSpecification","valueRequired":true,"valueName":"search_term_string"}}],"inLanguage":"ru-RU"}]}},"_links":{"self":[{"href":"https:\/\/vidaromoravia.cz\/ru\/wp-json\/wp\/v2\/pages\/572","targetHints":{"allow":["GET"]}}],"collection":[{"href":"https:\/\/vidaromoravia.cz\/ru\/wp-json\/wp\/v2\/pages"}],"about":[{"href":"https:\/\/vidaromoravia.cz\/ru\/wp-json\/wp\/v2\/types\/page"}],"author":[{"embeddable":true,"href":"https:\/\/vidaromoravia.cz\/ru\/wp-json\/wp\/v2\/users\/1"}],"replies":[{"embeddable":true,"href":"https:\/\/vidaromoravia.cz\/ru\/wp-json\/wp\/v2\/comments?post=572"}],"version-history":[{"count":5,"href":"https:\/\/vidaromoravia.cz\/ru\/wp-json\/wp\/v2\/pages\/572\/revisions"}],"predecessor-version":[{"id":599,"href":"https:\/\/vidaromoravia.cz\/ru\/wp-json\/wp\/v2\/pages\/572\/revisions\/599"}],"wp:attachment":[{"href":"https:\/\/vidaromoravia.cz\/ru\/wp-json\/wp\/v2\/media?parent=572"}],"curies":[{"name":"wp","href":"https:\/\/api.w.org\/{rel}","templated":true}]}}