{"id":582,"date":"2019-04-02T09:52:51","date_gmt":"2019-04-02T09:52:51","guid":{"rendered":"https:\/\/vidaromoravia.cz\/?page_id=582"},"modified":"2019-04-10T12:51:17","modified_gmt":"2019-04-10T12:51:17","slug":"%d0%ba%d0%bb%d0%b8%d0%bd%d0%b8%d0%bd%d0%b3%d0%be%d0%b2%d1%8b%d0%b5-%d1%83%d1%81%d0%bb%d1%83%d0%b3%d0%b8","status":"publish","type":"page","link":"https:\/\/vidaromoravia.cz\/ru\/%d0%ba%d0%bb%d0%b8%d0%bd%d0%b8%d0%bd%d0%b3%d0%be%d0%b2%d1%8b%d0%b5-%d1%83%d1%81%d0%bb%d1%83%d0%b3%d0%b8\/","title":{"rendered":"\u041a\u043b\u0438\u043d\u0438\u043d\u0433\u043e\u0432\u044b\u0435 \u0443\u0441\u043b\u0443\u0433\u0438"},"content":{"rendered":"<p>[et_pb_section bb_built=&#187;1&#8243; module_class=&#187;welcome_podstranka&#187; _builder_version=&#187;3.19.4&#8243; background_image=&#187;https:\/\/vidaromoravia.cz\/wp-content\/uploads\/2019\/02\/uklid_bg.jpg&#187; custom_padding=&#187;|0px||0|false|false&#187; next_background_color=&#187;#ffffff&#187;][et_pb_row _builder_version=&#187;3.19.4&#8243;][et_pb_column type=&#187;4_4&#8243;][et_pb_text _builder_version=&#187;3.19.4&#8243; text_orientation=&#187;center&#187; background_layout=&#187;dark&#187;]<\/p>\n<h1>\u041a\u043b\u0438\u043d\u0438\u043d\u0433\u043e\u0432\u044b\u0435 \u0443\u0441\u043b\u0443\u0433\u0438<\/h1>\n<p>[\/et_pb_text][\/et_pb_column][\/et_pb_row][\/et_pb_section][et_pb_section bb_built=&#187;1&#8243; _builder_version=&#187;3.19.4&#8243; custom_padding=&#187;80px|0px||0px|false|false&#187; prev_background_color=&#187;#000000&#8243; next_background_color=&#187;#000000&#8243;][et_pb_row _builder_version=&#187;3.19.4&#8243;][et_pb_column type=&#187;4_4&#8243;][et_pb_text module_class=&#187;h2_podtrzeni&#187; _builder_version=&#187;3.19.4&#8243;]<\/p>\n<h2>\u041a\u043b\u0438\u043d\u0438\u043d\u0433\u043e\u0432\u0430\u044f \u043a\u043e\u043c\u043f\u0430\u043d\u0438\u044f \u0432 \u0433. \u0411\u0440\u043d\u043e &#8212; \u043c\u044b \u0441\u0434\u0435\u043b\u0430\u0435\u043c \u0432\u0430\u043c \u043f\u0440\u043e\u0444\u0435\u0441\u0441\u0438\u043e\u043d\u0430\u043b\u044c\u043d\u0443\u044e \u0443\u0431\u043e\u0440\u043a\u0443<\/h2>\n<p>[\/et_pb_text][\/et_pb_column][\/et_pb_row][et_pb_row _builder_version=&#187;3.19.4&#8243;][et_pb_column type=&#187;1_3&#8243;][et_pb_blurb title=&#187;\u041a\u043e\u043c\u043f\u043b\u0435\u043a\u0441\u043d\u0430\u044f \u0443\u0431\u043e\u0440\u043a\u0430&#187; image=&#187;https:\/\/vidaromoravia.cz\/wp-content\/uploads\/2019\/02\/wiping-swipe-for-floors.png&#187; _builder_version=&#187;3.19.4&#8243; header_level=&#187;h3&#8243; header_font=&#187;|800|||||||&#187; body_text_align=&#187;center&#187; text_orientation=&#187;center&#187; animation=&#187;off&#187; custom_css_blurb_image=&#187;max-width: 100px;&#187;]<\/p>\n<p>\u041d\u0430\u0448\u0430 \u043a\u043e\u043c\u043f\u0430\u043d\u0438\u044f \u0443\u0431\u0438\u0440\u0430\u0435\u0442, \u043a\u0430\u043a \u043e\u0444\u0438\u0441\u043d\u044b\u0435 \u043f\u043e\u043c\u0435\u0449\u0435\u043d\u0438\u044f, \u0442\u0430\u043a \u0438 \u043f\u0440\u043e\u0438\u0437\u0432\u043e\u0434\u0441\u0442\u0432\u0435\u043d\u043d\u044b\u0435. \u0412\u044b \u043c\u043e\u0436\u0435\u0442\u0435 \u043d\u0430\u043d\u044f\u0442\u044c \u043d\u0430\u0441 \u0434\u043b\u044f \u043a\u043e\u043c\u043f\u043b\u0435\u043a\u0441\u043d\u043e\u0439 \u0443\u0431\u043e\u0440\u043a\u0438.<\/p>\n<p>[\/et_pb_blurb][\/et_pb_column][et_pb_column type=&#187;1_3&#8243;][et_pb_blurb title=&#187;\u0425\u043e\u0440\u043e\u0448\u043e \u043e\u0431\u0443\u0447\u0435\u043d\u043d\u044b\u0439 \u043f\u0435\u0440\u0441\u043e\u043d\u0430\u043b&#187; image=&#187;https:\/\/vidaromoravia.cz\/wp-content\/uploads\/2019\/02\/people2.png&#187; _builder_version=&#187;3.19.4&#8243; header_level=&#187;h3&#8243; header_font=&#187;|800|||||||&#187; body_text_align=&#187;center&#187; text_orientation=&#187;center&#187; animation=&#187;off&#187; custom_css_blurb_image=&#187;max-width: 100px;&#187;]<\/p>\n<p>\u0421\u043e\u0442\u0440\u0443\u0434\u043d\u0438\u043a\u0438, \u043a\u043e\u0442\u043e\u0440\u044b\u0435 \u0443\u0431\u0438\u0440\u0430\u044e\u0442, \u043c\u0430\u043a\u0441\u0438\u043c\u0430\u043b\u044c\u043d\u043e \u043e\u0431\u0443\u0447\u0435\u043d\u044b \u0438 \u043f\u0440\u043e\u0432\u0435\u0440\u0435\u043d\u044b. \u0412\u0430\u043c \u043d\u0435 \u043d\u0443\u0436\u043d\u043e \u0431\u0443\u0434\u0435\u0442 \u0431\u0435\u0441\u043f\u043e\u043a\u043e\u0438\u0442\u044c\u0441\u044f \u043e \u0441\u0432\u043e\u0435\u043c \u0438\u043c\u0443\u0449\u0435\u0441\u0442\u0432\u0435.<\/p>\n<p>[\/et_pb_blurb][\/et_pb_column][et_pb_column type=&#187;1_3&#8243;][et_pb_blurb title=&#187;\u041b\u0443\u0447\u0448\u0435\u0435 \u043a\u0430\u0447\u0435\u0441\u0442\u0432\u043e&#187; image=&#187;https:\/\/vidaromoravia.cz\/wp-content\/uploads\/2019\/02\/clear.png&#187; _builder_version=&#187;3.19.4&#8243; header_level=&#187;h3&#8243; header_font=&#187;|800|||||||&#187; body_text_align=&#187;center&#187; text_orientation=&#187;center&#187; animation=&#187;off&#187; custom_css_blurb_image=&#187;max-width: 100px;&#187;]<\/p>\n<p>\u041c\u044b \u0438\u0441\u043f\u043e\u043b\u044c\u0437\u0443\u0435\u043c \u0441\u0430\u043c\u044b\u0435 \u0441\u043e\u0432\u0440\u0435\u043c\u0435\u043d\u043d\u044b\u0435 \u043e\u0431\u043e\u0440\u0443\u0434\u043e\u0432\u0430\u043d\u0438\u0435 \u0438 \u0441\u0440\u0435\u0434\u0441\u0442\u0432\u0430, \u043a\u043e\u0442\u043e\u0440\u044b\u0435 \u0434\u0435\u043b\u0430\u044e\u0442 \u0443\u0431\u043e\u0440\u043a\u0443 \u043d\u0430 \u0443\u0440\u043e\u0432\u043d\u0435 \u041b\u042e\u041a\u0421.<\/p>\n<p>[\/et_pb_blurb][\/et_pb_column][\/et_pb_row][\/et_pb_section][et_pb_section bb_built=&#187;1&#8243; _builder_version=&#187;3.19.4&#8243; custom_padding=&#187;0|0px|0|0px|false|false&#187; prev_background_color=&#187;#000000&#8243; next_background_color=&#187;#000000&#8243;][et_pb_row use_custom_gutter=&#187;on&#187; gutter_width=&#187;2&#8243; _builder_version=&#187;3.19.4&#8243;][et_pb_column type=&#187;1_4&#8243;][et_pb_text module_class=&#187;uklid&#187; _builder_version=&#187;3.19.4&#8243; background_image=&#187;https:\/\/vidaromoravia.cz\/wp-content\/uploads\/2019\/03\/cisteni_kobercu.jpg&#187; text_orientation=&#187;center&#187;]<\/p>\n<p>\u0427\u0438\u0441\u0442\u043a\u0430 <br \/>\u043a\u043e\u0432\u0440\u043e\u0432<\/p>\n<p>[\/et_pb_text][\/et_pb_column][et_pb_column type=&#187;1_4&#8243;][et_pb_text module_class=&#187;uklid&#187; _builder_version=&#187;3.19.4&#8243; background_image=&#187;https:\/\/vidaromoravia.cz\/wp-content\/uploads\/2019\/03\/jednorazovy_uklid.jpg&#187; text_orientation=&#187;center&#187;]<\/p>\n<p>\u0420\u0430\u0437\u043e\u0432\u0430\u044f<br \/>\u0443\u0431\u043e\u0440\u043a\u0430<\/p>\n<p>[\/et_pb_text][\/et_pb_column][et_pb_column type=&#187;1_4&#8243;][et_pb_text module_class=&#187;uklid&#187; _builder_version=&#187;3.19.4&#8243; background_image=&#187;https:\/\/vidaromoravia.cz\/wp-content\/uploads\/2019\/03\/administrativni_budovy.jpg&#187; text_orientation=&#187;center&#187;]<\/p>\n<p>\u0423\u0431\u043e\u0440\u043a\u0430<br \/>\u0434\u043c\u0438\u043d\u0438\u0441\u0442\u0440\u0430\u0442\u0438\u0432\u043d\u044b\u0445<br \/>\u0438 \u043e\u0444\u0438\u0441\u043d\u044b\u0445 \u0437\u0434\u0430\u043d\u0438\u0439<\/p>\n<p>[\/et_pb_text][\/et_pb_column][et_pb_column type=&#187;1_4&#8243;][et_pb_text module_class=&#187;uklid&#187; _builder_version=&#187;3.19.4&#8243; background_image=&#187;https:\/\/vidaromoravia.cz\/wp-content\/uploads\/2019\/03\/vyrobni_haly.jpg&#187; text_orientation=&#187;center&#187;]<\/p>\n<p>\u0423\u0431\u043e\u0440\u043a\u0430 \u043f\u0440\u043e\u0438\u0437\u0432\u043e\u0434\u0441\u0442\u0432\u0435\u043d\u043d\u044b\u0445 \u043f\u043e\u043c\u0435\u0449\u0435\u043d\u0438\u0439 (\u0437\u0430\u0432\u043e\u0434\u043e\u0432 \u0438 \u0444\u0430\u0431\u0440\u0438\u043a)<\/p>\n<p>[\/et_pb_text][\/et_pb_column][\/et_pb_row][et_pb_row use_custom_gutter=&#187;on&#187; gutter_width=&#187;2&#8243; custom_padding=&#187;25.2188px|0px|60px|0px|false|false&#187; _builder_version=&#187;3.19.4&#8243;][et_pb_column type=&#187;1_4&#8243;][et_pb_text module_class=&#187;uklid&#187; _builder_version=&#187;3.19.4&#8243; background_image=&#187;https:\/\/vidaromoravia.cz\/wp-content\/uploads\/2019\/03\/garazove_stani.jpg&#187; text_orientation=&#187;center&#187;]<\/p>\n<p>\u0423\u0431\u043e\u0440\u043a\u0430 \u0441\u0442\u043e\u044f\u043d\u043e\u043a \u0434\u043b\u044f \u0430\u0432\u0442\u043e\u043c\u043e\u0431\u0438\u043b\u0435\u0439<\/p>\n<p>[\/et_pb_text][\/et_pb_column][et_pb_column type=&#187;1_4&#8243;][et_pb_text module_class=&#187;uklid&#187; _builder_version=&#187;3.19.4&#8243; background_image=&#187;https:\/\/vidaromoravia.cz\/wp-content\/uploads\/2019\/03\/staly_uklid.jpg&#187; text_orientation=&#187;center&#187;]<\/p>\n<p>\u0420\u0435\u0433\u0443\u043b\u044f\u0440\u043d\u0430\u044f \u0443\u0431\u043e\u0440\u043a\u0430<\/p>\n<p>[\/et_pb_text][\/et_pb_column][et_pb_column type=&#187;1_4&#8243;][et_pb_text module_class=&#187;uklid&#187; _builder_version=&#187;3.19.4&#8243; background_image=&#187;https:\/\/vidaromoravia.cz\/wp-content\/uploads\/2019\/03\/uklid_domacnosti.jpg&#187; text_orientation=&#187;center&#187;]<\/p>\n<p>\u0423\u0431\u043e\u0440\u043a\u0430 \u0434\u043e\u043c\u0430 \u0438 \u0445\u043e\u0437\u044f\u0439\u0441\u0442\u0432\u0430<\/p>\n<p>[\/et_pb_text][\/et_pb_column][et_pb_column type=&#187;1_4&#8243;][et_pb_text module_class=&#187;uklid&#187; _builder_version=&#187;3.19.4&#8243; background_image=&#187;https:\/\/vidaromoravia.cz\/wp-content\/uploads\/2019\/03\/ostatni-sluzby.jpg&#187; text_orientation=&#187;center&#187;]<\/p>\n<p>\u0414\u0440\u0443\u0433\u0438\u0435 \u0443\u0441\u043b\u0443\u0433\u0438<\/p>\n<p>[\/et_pb_text][\/et_pb_column][\/et_pb_row][et_pb_row _builder_version=&#187;3.19.4&#8243;][et_pb_column type=&#187;4_4&#8243;][et_pb_text _builder_version=&#187;3.19.4&#8243; text_font_size=&#187;30px&#187; text_orientation=&#187;center&#187; custom_margin=&#187;||60px&#187; custom_css_main_element=&#187;font-weight: 900;&#187;]<\/p>\n<p>\u0412\u0430\u0441 \u0437\u0430\u0438\u043d\u0442\u0435\u0440\u0435\u0441\u043e\u0432\u0430\u043b\u0438 \u043d\u0430\u0448\u0438 \u0443\u0441\u043b\u0443\u0433\u0438 \u043f\u043e \u0443\u0431\u043e\u0440\u043a\u0435?<\/p>\n<p>[\/et_pb_text][et_pb_text _builder_version=&#187;3.19.4&#8243;]<\/p>\n<p style=\"text-align: center;\">\u0421\u0432\u044f\u0436\u0438\u0442\u0435\u0441\u044c \u0441 \u043d\u0430\u043c\u0438, \u0438 \u043c\u044b \u043f\u043e\u0434\u0433\u043e\u0442\u043e\u0432\u0438\u043c \u0434\u043b\u044f \u0432\u0430\u0441 \u043f\u0440\u0435\u0434\u043b\u043e\u0436\u0435\u043d\u0438\u0435.<\/p>\n<p>[\/et_pb_text][et_pb_code _builder_version=&#187;3.19.4&#8243; text_orientation=&#187;center&#187;]<a href=\"https:\/\/vidaromoravia.cz\/ru\/%D0%BA%D0%BE%D0%BD%D1%82%D0%B0%D0%BA%D1%82%D1%8B\/\" class=\"tlacitko\">\u041a\u043e\u043d\u0442\u0430\u043a\u0442\u044b<\/a>[\/et_pb_code][\/et_pb_column][\/et_pb_row][\/et_pb_section][et_pb_section bb_built=&#187;1&#8243; _builder_version=&#187;3.19.4&#8243; custom_padding=&#187;|0px||0px|false|false&#187; prev_background_color=&#187;#000000&#8243;][et_pb_row _builder_version=&#187;3.19.4&#8243;][et_pb_column type=&#187;4_4&#8243;][et_pb_text module_class=&#187;h2_podtrzeni&#187; _builder_version=&#187;3.19.4&#8243;]<\/p>\n<h2>\u041d\u0435 \u0437\u0430\u0442\u0440\u0443\u0434\u043d\u044f\u0439\u0442\u0435\u0441\u044c \u043e\u0431\u0440\u0430\u0442\u0438\u0442\u044c\u0441\u044f \u043a \u043d\u0430\u043c<\/h2>\n<p>[\/et_pb_text][\/et_pb_column][\/et_pb_row][et_pb_row _builder_version=&#187;3.19.4&#8243;][et_pb_column type=&#187;1_2&#8243;][et_pb_blurb title=&#187;\u041d\u043e\u043c\u0435\u0440 \u0442\u0435\u043b\u0435\u0444\u043e\u043d\u0430&#187; image=&#187;https:\/\/vidaromoravia.cz\/wp-content\/uploads\/2019\/02\/phone.png&#187; module_class=&#187;kontakt_box&#187; _builder_version=&#187;3.19.4&#8243; header_level=&#187;h3&#8243; header_text_align=&#187;center&#187; text_orientation=&#187;center&#187; animation=&#187;off&#187;]<\/p>\n<p>+420 774 434 144<\/p>\n<\/p>\n<p>[\/et_pb_blurb][\/et_pb_column][et_pb_column type=&#187;1_2&#8243;][et_pb_blurb title=&#187;\u0410\u0434\u0440\u0435\u0441 \u044d\u043b\u0435\u043a\u0442\u0440\u043e\u043d\u043d\u043e\u0439 \u043f\u043e\u0447\u0442\u044b&#187; image=&#187;https:\/\/vidaromoravia.cz\/wp-content\/uploads\/2019\/02\/email.png&#187; module_class=&#187;kontakt_box&#187; _builder_version=&#187;3.19.4&#8243; header_level=&#187;h3&#8243; header_text_align=&#187;center&#187; text_orientation=&#187;center&#187; animation=&#187;off&#187;]<\/p>\n<p>info@vidaromoravia.cz<\/p>\n<\/p>\n<p>[\/et_pb_blurb][\/et_pb_column][\/et_pb_row][\/et_pb_section]<\/p>\n","protected":false},"excerpt":{"rendered":"<p>\u041a\u043b\u0438\u043d\u0438\u043d\u0433\u043e\u0432\u044b\u0435 \u0443\u0441\u043b\u0443\u0433\u0438 \u041a\u043b\u0438\u043d\u0438\u043d\u0433\u043e\u0432\u0430\u044f \u043a\u043e\u043c\u043f\u0430\u043d\u0438\u044f \u0432 \u0433. \u0411\u0440\u043d\u043e &#8212; \u043c\u044b \u0441\u0434\u0435\u043b\u0430\u0435\u043c \u0432\u0430\u043c \u043f\u0440\u043e\u0444\u0435\u0441\u0441\u0438\u043e\u043d\u0430\u043b\u044c\u043d\u0443\u044e \u0443\u0431\u043e\u0440\u043a\u0443 \u041d\u0430\u0448\u0430 \u043a\u043e\u043c\u043f\u0430\u043d\u0438\u044f \u0443\u0431\u0438\u0440\u0430\u0435\u0442, \u043a\u0430\u043a \u043e\u0444\u0438\u0441\u043d\u044b\u0435 \u043f\u043e\u043c\u0435\u0449\u0435\u043d\u0438\u044f, \u0442\u0430\u043a \u0438 \u043f\u0440\u043e\u0438\u0437\u0432\u043e\u0434\u0441\u0442\u0432\u0435\u043d\u043d\u044b\u0435. \u0412\u044b \u043c\u043e\u0436\u0435\u0442\u0435 \u043d\u0430\u043d\u044f\u0442\u044c \u043d\u0430\u0441 \u0434\u043b\u044f \u043a\u043e\u043c\u043f\u043b\u0435\u043a\u0441\u043d\u043e\u0439 \u0443\u0431\u043e\u0440\u043a\u0438. \u0421\u043e\u0442\u0440\u0443\u0434\u043d\u0438\u043a\u0438, \u043a\u043e\u0442\u043e\u0440\u044b\u0435 \u0443\u0431\u0438\u0440\u0430\u044e\u0442, \u043c\u0430\u043a\u0441\u0438\u043c\u0430\u043b\u044c\u043d\u043e \u043e\u0431\u0443\u0447\u0435\u043d\u044b \u0438 \u043f\u0440\u043e\u0432\u0435\u0440\u0435\u043d\u044b. \u0412\u0430\u043c \u043d\u0435 \u043d\u0443\u0436\u043d\u043e \u0431\u0443\u0434\u0435\u0442 \u0431\u0435\u0441\u043f\u043e\u043a\u043e\u0438\u0442\u044c\u0441\u044f \u043e \u0441\u0432\u043e\u0435\u043c \u0438\u043c\u0443\u0449\u0435\u0441\u0442\u0432\u0435. \u041c\u044b \u0438\u0441\u043f\u043e\u043b\u044c\u0437\u0443\u0435\u043c \u0441\u0430\u043c\u044b\u0435 \u0441\u043e\u0432\u0440\u0435\u043c\u0435\u043d\u043d\u044b\u0435 \u043e\u0431\u043e\u0440\u0443\u0434\u043e\u0432\u0430\u043d\u0438\u0435 \u0438 \u0441\u0440\u0435\u0434\u0441\u0442\u0432\u0430, \u043a\u043e\u0442\u043e\u0440\u044b\u0435 \u0434\u0435\u043b\u0430\u044e\u0442 \u0443\u0431\u043e\u0440\u043a\u0443 \u043d\u0430 [&hellip;]<\/p>\n","protected":false},"author":1,"featured_media":0,"parent":0,"menu_order":0,"comment_status":"closed","ping_status":"closed","template":"","meta":{"_et_pb_use_builder":"on","_et_pb_old_content":"","_et_gb_content_width":"","footnotes":""},"class_list":["post-582","page","type-page","status-publish","hentry"],"yoast_head":"<!-- This site is optimized with the Yoast SEO plugin v27.3 - https:\/\/yoast.com\/product\/yoast-seo-wordpress\/ -->\n<title>\u041a\u043b\u0438\u043d\u0438\u043d\u0433\u043e\u0432\u044b\u0435 \u0443\u0441\u043b\u0443\u0433\u0438 - Vidaro Moravia - profesion\u00e1ln\u00ed poradenstv\u00ed<\/title>\n<meta name=\"robots\" content=\"index, follow, max-snippet:-1, max-image-preview:large, max-video-preview:-1\" \/>\n<link rel=\"canonical\" href=\"https:\/\/vidaromoravia.cz\/ru\/\u043a\u043b\u0438\u043d\u0438\u043d\u0433\u043e\u0432\u044b\u0435-\u0443\u0441\u043b\u0443\u0433\u0438\/\" \/>\n<meta property=\"og:locale\" content=\"ru_RU\" \/>\n<meta property=\"og:type\" content=\"article\" \/>\n<meta property=\"og:title\" content=\"\u041a\u043b\u0438\u043d\u0438\u043d\u0433\u043e\u0432\u044b\u0435 \u0443\u0441\u043b\u0443\u0433\u0438 - Vidaro Moravia - profesion\u00e1ln\u00ed poradenstv\u00ed\" \/>\n<meta property=\"og:description\" content=\"\u041a\u043b\u0438\u043d\u0438\u043d\u0433\u043e\u0432\u044b\u0435 \u0443\u0441\u043b\u0443\u0433\u0438 \u041a\u043b\u0438\u043d\u0438\u043d\u0433\u043e\u0432\u0430\u044f \u043a\u043e\u043c\u043f\u0430\u043d\u0438\u044f \u0432 \u0433. \u0411\u0440\u043d\u043e - \u043c\u044b \u0441\u0434\u0435\u043b\u0430\u0435\u043c \u0432\u0430\u043c \u043f\u0440\u043e\u0444\u0435\u0441\u0441\u0438\u043e\u043d\u0430\u043b\u044c\u043d\u0443\u044e \u0443\u0431\u043e\u0440\u043a\u0443 \u041d\u0430\u0448\u0430 \u043a\u043e\u043c\u043f\u0430\u043d\u0438\u044f \u0443\u0431\u0438\u0440\u0430\u0435\u0442, \u043a\u0430\u043a \u043e\u0444\u0438\u0441\u043d\u044b\u0435 \u043f\u043e\u043c\u0435\u0449\u0435\u043d\u0438\u044f, \u0442\u0430\u043a \u0438 \u043f\u0440\u043e\u0438\u0437\u0432\u043e\u0434\u0441\u0442\u0432\u0435\u043d\u043d\u044b\u0435. \u0412\u044b \u043c\u043e\u0436\u0435\u0442\u0435 \u043d\u0430\u043d\u044f\u0442\u044c \u043d\u0430\u0441 \u0434\u043b\u044f \u043a\u043e\u043c\u043f\u043b\u0435\u043a\u0441\u043d\u043e\u0439 \u0443\u0431\u043e\u0440\u043a\u0438. \u0421\u043e\u0442\u0440\u0443\u0434\u043d\u0438\u043a\u0438, \u043a\u043e\u0442\u043e\u0440\u044b\u0435 \u0443\u0431\u0438\u0440\u0430\u044e\u0442, \u043c\u0430\u043a\u0441\u0438\u043c\u0430\u043b\u044c\u043d\u043e \u043e\u0431\u0443\u0447\u0435\u043d\u044b \u0438 \u043f\u0440\u043e\u0432\u0435\u0440\u0435\u043d\u044b. \u0412\u0430\u043c \u043d\u0435 \u043d\u0443\u0436\u043d\u043e \u0431\u0443\u0434\u0435\u0442 \u0431\u0435\u0441\u043f\u043e\u043a\u043e\u0438\u0442\u044c\u0441\u044f \u043e \u0441\u0432\u043e\u0435\u043c \u0438\u043c\u0443\u0449\u0435\u0441\u0442\u0432\u0435. \u041c\u044b \u0438\u0441\u043f\u043e\u043b\u044c\u0437\u0443\u0435\u043c \u0441\u0430\u043c\u044b\u0435 \u0441\u043e\u0432\u0440\u0435\u043c\u0435\u043d\u043d\u044b\u0435 \u043e\u0431\u043e\u0440\u0443\u0434\u043e\u0432\u0430\u043d\u0438\u0435 \u0438 \u0441\u0440\u0435\u0434\u0441\u0442\u0432\u0430, \u043a\u043e\u0442\u043e\u0440\u044b\u0435 \u0434\u0435\u043b\u0430\u044e\u0442 \u0443\u0431\u043e\u0440\u043a\u0443 \u043d\u0430 [&hellip;]\" \/>\n<meta property=\"og:url\" content=\"https:\/\/vidaromoravia.cz\/ru\/\u043a\u043b\u0438\u043d\u0438\u043d\u0433\u043e\u0432\u044b\u0435-\u0443\u0441\u043b\u0443\u0433\u0438\/\" \/>\n<meta property=\"og:site_name\" content=\"Vidaro Moravia - profesion\u00e1ln\u00ed poradenstv\u00ed\" \/>\n<meta property=\"article:modified_time\" content=\"2019-04-10T12:51:17+00:00\" \/>\n<meta name=\"twitter:card\" content=\"summary_large_image\" \/>\n<meta name=\"twitter:label1\" content=\"\u041f\u0440\u0438\u043c\u0435\u0440\u043d\u043e\u0435 \u0432\u0440\u0435\u043c\u044f \u0434\u043b\u044f \u0447\u0442\u0435\u043d\u0438\u044f\" \/>\n\t<meta name=\"twitter:data1\" content=\"4 \u043c\u0438\u043d\u0443\u0442\u044b\" \/>\n<script type=\"application\/ld+json\" class=\"yoast-schema-graph\">{\"@context\":\"https:\\\/\\\/schema.org\",\"@graph\":[{\"@type\":\"WebPage\",\"@id\":\"https:\\\/\\\/vidaromoravia.cz\\\/ru\\\/%d0%ba%d0%bb%d0%b8%d0%bd%d0%b8%d0%bd%d0%b3%d0%be%d0%b2%d1%8b%d0%b5-%d1%83%d1%81%d0%bb%d1%83%d0%b3%d0%b8\\\/\",\"url\":\"https:\\\/\\\/vidaromoravia.cz\\\/ru\\\/%d0%ba%d0%bb%d0%b8%d0%bd%d0%b8%d0%bd%d0%b3%d0%be%d0%b2%d1%8b%d0%b5-%d1%83%d1%81%d0%bb%d1%83%d0%b3%d0%b8\\\/\",\"name\":\"\u041a\u043b\u0438\u043d\u0438\u043d\u0433\u043e\u0432\u044b\u0435 \u0443\u0441\u043b\u0443\u0433\u0438 - Vidaro Moravia - profesion\u00e1ln\u00ed poradenstv\u00ed\",\"isPartOf\":{\"@id\":\"https:\\\/\\\/vidaromoravia.cz\\\/#website\"},\"datePublished\":\"2019-04-02T09:52:51+00:00\",\"dateModified\":\"2019-04-10T12:51:17+00:00\",\"breadcrumb\":{\"@id\":\"https:\\\/\\\/vidaromoravia.cz\\\/ru\\\/%d0%ba%d0%bb%d0%b8%d0%bd%d0%b8%d0%bd%d0%b3%d0%be%d0%b2%d1%8b%d0%b5-%d1%83%d1%81%d0%bb%d1%83%d0%b3%d0%b8\\\/#breadcrumb\"},\"inLanguage\":\"ru-RU\",\"potentialAction\":[{\"@type\":\"ReadAction\",\"target\":[\"https:\\\/\\\/vidaromoravia.cz\\\/ru\\\/%d0%ba%d0%bb%d0%b8%d0%bd%d0%b8%d0%bd%d0%b3%d0%be%d0%b2%d1%8b%d0%b5-%d1%83%d1%81%d0%bb%d1%83%d0%b3%d0%b8\\\/\"]}]},{\"@type\":\"BreadcrumbList\",\"@id\":\"https:\\\/\\\/vidaromoravia.cz\\\/ru\\\/%d0%ba%d0%bb%d0%b8%d0%bd%d0%b8%d0%bd%d0%b3%d0%be%d0%b2%d1%8b%d0%b5-%d1%83%d1%81%d0%bb%d1%83%d0%b3%d0%b8\\\/#breadcrumb\",\"itemListElement\":[{\"@type\":\"ListItem\",\"position\":1,\"name\":\"Home\",\"item\":\"https:\\\/\\\/vidaromoravia.cz\\\/ru\\\/\"},{\"@type\":\"ListItem\",\"position\":2,\"name\":\"\u041a\u043b\u0438\u043d\u0438\u043d\u0433\u043e\u0432\u044b\u0435 \u0443\u0441\u043b\u0443\u0433\u0438\"}]},{\"@type\":\"WebSite\",\"@id\":\"https:\\\/\\\/vidaromoravia.cz\\\/#website\",\"url\":\"https:\\\/\\\/vidaromoravia.cz\\\/\",\"name\":\"Vidaro Moravia - profesion\u00e1ln\u00ed poradenstv\u00ed\",\"description\":\"\",\"potentialAction\":[{\"@type\":\"SearchAction\",\"target\":{\"@type\":\"EntryPoint\",\"urlTemplate\":\"https:\\\/\\\/vidaromoravia.cz\\\/?s={search_term_string}\"},\"query-input\":{\"@type\":\"PropertyValueSpecification\",\"valueRequired\":true,\"valueName\":\"search_term_string\"}}],\"inLanguage\":\"ru-RU\"}]}<\/script>\n<!-- \/ Yoast SEO plugin. -->","yoast_head_json":{"title":"\u041a\u043b\u0438\u043d\u0438\u043d\u0433\u043e\u0432\u044b\u0435 \u0443\u0441\u043b\u0443\u0433\u0438 - Vidaro Moravia - profesion\u00e1ln\u00ed poradenstv\u00ed","robots":{"index":"index","follow":"follow","max-snippet":"max-snippet:-1","max-image-preview":"max-image-preview:large","max-video-preview":"max-video-preview:-1"},"canonical":"https:\/\/vidaromoravia.cz\/ru\/\u043a\u043b\u0438\u043d\u0438\u043d\u0433\u043e\u0432\u044b\u0435-\u0443\u0441\u043b\u0443\u0433\u0438\/","og_locale":"ru_RU","og_type":"article","og_title":"\u041a\u043b\u0438\u043d\u0438\u043d\u0433\u043e\u0432\u044b\u0435 \u0443\u0441\u043b\u0443\u0433\u0438 - Vidaro Moravia - profesion\u00e1ln\u00ed poradenstv\u00ed","og_description":"\u041a\u043b\u0438\u043d\u0438\u043d\u0433\u043e\u0432\u044b\u0435 \u0443\u0441\u043b\u0443\u0433\u0438 \u041a\u043b\u0438\u043d\u0438\u043d\u0433\u043e\u0432\u0430\u044f \u043a\u043e\u043c\u043f\u0430\u043d\u0438\u044f \u0432 \u0433. \u0411\u0440\u043d\u043e - \u043c\u044b \u0441\u0434\u0435\u043b\u0430\u0435\u043c \u0432\u0430\u043c \u043f\u0440\u043e\u0444\u0435\u0441\u0441\u0438\u043e\u043d\u0430\u043b\u044c\u043d\u0443\u044e \u0443\u0431\u043e\u0440\u043a\u0443 \u041d\u0430\u0448\u0430 \u043a\u043e\u043c\u043f\u0430\u043d\u0438\u044f \u0443\u0431\u0438\u0440\u0430\u0435\u0442, \u043a\u0430\u043a \u043e\u0444\u0438\u0441\u043d\u044b\u0435 \u043f\u043e\u043c\u0435\u0449\u0435\u043d\u0438\u044f, \u0442\u0430\u043a \u0438 \u043f\u0440\u043e\u0438\u0437\u0432\u043e\u0434\u0441\u0442\u0432\u0435\u043d\u043d\u044b\u0435. \u0412\u044b \u043c\u043e\u0436\u0435\u0442\u0435 \u043d\u0430\u043d\u044f\u0442\u044c \u043d\u0430\u0441 \u0434\u043b\u044f \u043a\u043e\u043c\u043f\u043b\u0435\u043a\u0441\u043d\u043e\u0439 \u0443\u0431\u043e\u0440\u043a\u0438. \u0421\u043e\u0442\u0440\u0443\u0434\u043d\u0438\u043a\u0438, \u043a\u043e\u0442\u043e\u0440\u044b\u0435 \u0443\u0431\u0438\u0440\u0430\u044e\u0442, \u043c\u0430\u043a\u0441\u0438\u043c\u0430\u043b\u044c\u043d\u043e \u043e\u0431\u0443\u0447\u0435\u043d\u044b \u0438 \u043f\u0440\u043e\u0432\u0435\u0440\u0435\u043d\u044b. \u0412\u0430\u043c \u043d\u0435 \u043d\u0443\u0436\u043d\u043e \u0431\u0443\u0434\u0435\u0442 \u0431\u0435\u0441\u043f\u043e\u043a\u043e\u0438\u0442\u044c\u0441\u044f \u043e \u0441\u0432\u043e\u0435\u043c \u0438\u043c\u0443\u0449\u0435\u0441\u0442\u0432\u0435. \u041c\u044b \u0438\u0441\u043f\u043e\u043b\u044c\u0437\u0443\u0435\u043c \u0441\u0430\u043c\u044b\u0435 \u0441\u043e\u0432\u0440\u0435\u043c\u0435\u043d\u043d\u044b\u0435 \u043e\u0431\u043e\u0440\u0443\u0434\u043e\u0432\u0430\u043d\u0438\u0435 \u0438 \u0441\u0440\u0435\u0434\u0441\u0442\u0432\u0430, \u043a\u043e\u0442\u043e\u0440\u044b\u0435 \u0434\u0435\u043b\u0430\u044e\u0442 \u0443\u0431\u043e\u0440\u043a\u0443 \u043d\u0430 [&hellip;]","og_url":"https:\/\/vidaromoravia.cz\/ru\/\u043a\u043b\u0438\u043d\u0438\u043d\u0433\u043e\u0432\u044b\u0435-\u0443\u0441\u043b\u0443\u0433\u0438\/","og_site_name":"Vidaro Moravia - profesion\u00e1ln\u00ed poradenstv\u00ed","article_modified_time":"2019-04-10T12:51:17+00:00","twitter_card":"summary_large_image","twitter_misc":{"\u041f\u0440\u0438\u043c\u0435\u0440\u043d\u043e\u0435 \u0432\u0440\u0435\u043c\u044f \u0434\u043b\u044f \u0447\u0442\u0435\u043d\u0438\u044f":"4 \u043c\u0438\u043d\u0443\u0442\u044b"},"schema":{"@context":"https:\/\/schema.org","@graph":[{"@type":"WebPage","@id":"https:\/\/vidaromoravia.cz\/ru\/%d0%ba%d0%bb%d0%b8%d0%bd%d0%b8%d0%bd%d0%b3%d0%be%d0%b2%d1%8b%d0%b5-%d1%83%d1%81%d0%bb%d1%83%d0%b3%d0%b8\/","url":"https:\/\/vidaromoravia.cz\/ru\/%d0%ba%d0%bb%d0%b8%d0%bd%d0%b8%d0%bd%d0%b3%d0%be%d0%b2%d1%8b%d0%b5-%d1%83%d1%81%d0%bb%d1%83%d0%b3%d0%b8\/","name":"\u041a\u043b\u0438\u043d\u0438\u043d\u0433\u043e\u0432\u044b\u0435 \u0443\u0441\u043b\u0443\u0433\u0438 - Vidaro Moravia - profesion\u00e1ln\u00ed poradenstv\u00ed","isPartOf":{"@id":"https:\/\/vidaromoravia.cz\/#website"},"datePublished":"2019-04-02T09:52:51+00:00","dateModified":"2019-04-10T12:51:17+00:00","breadcrumb":{"@id":"https:\/\/vidaromoravia.cz\/ru\/%d0%ba%d0%bb%d0%b8%d0%bd%d0%b8%d0%bd%d0%b3%d0%be%d0%b2%d1%8b%d0%b5-%d1%83%d1%81%d0%bb%d1%83%d0%b3%d0%b8\/#breadcrumb"},"inLanguage":"ru-RU","potentialAction":[{"@type":"ReadAction","target":["https:\/\/vidaromoravia.cz\/ru\/%d0%ba%d0%bb%d0%b8%d0%bd%d0%b8%d0%bd%d0%b3%d0%be%d0%b2%d1%8b%d0%b5-%d1%83%d1%81%d0%bb%d1%83%d0%b3%d0%b8\/"]}]},{"@type":"BreadcrumbList","@id":"https:\/\/vidaromoravia.cz\/ru\/%d0%ba%d0%bb%d0%b8%d0%bd%d0%b8%d0%bd%d0%b3%d0%be%d0%b2%d1%8b%d0%b5-%d1%83%d1%81%d0%bb%d1%83%d0%b3%d0%b8\/#breadcrumb","itemListElement":[{"@type":"ListItem","position":1,"name":"Home","item":"https:\/\/vidaromoravia.cz\/ru\/"},{"@type":"ListItem","position":2,"name":"\u041a\u043b\u0438\u043d\u0438\u043d\u0433\u043e\u0432\u044b\u0435 \u0443\u0441\u043b\u0443\u0433\u0438"}]},{"@type":"WebSite","@id":"https:\/\/vidaromoravia.cz\/#website","url":"https:\/\/vidaromoravia.cz\/","name":"Vidaro Moravia - profesion\u00e1ln\u00ed poradenstv\u00ed","description":"","potentialAction":[{"@type":"SearchAction","target":{"@type":"EntryPoint","urlTemplate":"https:\/\/vidaromoravia.cz\/?s={search_term_string}"},"query-input":{"@type":"PropertyValueSpecification","valueRequired":true,"valueName":"search_term_string"}}],"inLanguage":"ru-RU"}]}},"_links":{"self":[{"href":"https:\/\/vidaromoravia.cz\/ru\/wp-json\/wp\/v2\/pages\/582","targetHints":{"allow":["GET"]}}],"collection":[{"href":"https:\/\/vidaromoravia.cz\/ru\/wp-json\/wp\/v2\/pages"}],"about":[{"href":"https:\/\/vidaromoravia.cz\/ru\/wp-json\/wp\/v2\/types\/page"}],"author":[{"embeddable":true,"href":"https:\/\/vidaromoravia.cz\/ru\/wp-json\/wp\/v2\/users\/1"}],"replies":[{"embeddable":true,"href":"https:\/\/vidaromoravia.cz\/ru\/wp-json\/wp\/v2\/comments?post=582"}],"version-history":[{"count":8,"href":"https:\/\/vidaromoravia.cz\/ru\/wp-json\/wp\/v2\/pages\/582\/revisions"}],"predecessor-version":[{"id":714,"href":"https:\/\/vidaromoravia.cz\/ru\/wp-json\/wp\/v2\/pages\/582\/revisions\/714"}],"wp:attachment":[{"href":"https:\/\/vidaromoravia.cz\/ru\/wp-json\/wp\/v2\/media?parent=582"}],"curies":[{"name":"wp","href":"https:\/\/api.w.org\/{rel}","templated":true}]}}