{"id":561,"date":"2019-04-02T09:21:02","date_gmt":"2019-04-02T09:21:02","guid":{"rendered":"https:\/\/vidaromoravia.cz\/?page_id=561"},"modified":"2019-04-10T12:30:55","modified_gmt":"2019-04-10T12:30:55","slug":"%d0%ba%d0%be%d0%bd%d1%82%d0%b0%d0%ba%d1%82%d0%b8","status":"publish","type":"page","link":"https:\/\/vidaromoravia.cz\/uk\/%d0%ba%d0%be%d0%bd%d1%82%d0%b0%d0%ba%d1%82%d0%b8\/","title":{"rendered":"\u041a\u043e\u043d\u0442\u0430\u043a\u0442\u0438"},"content":{"rendered":"<p>[et_pb_section bb_built=&#8221;1&#8243; module_class=&#8221;welcome_podstranka&#8221; _builder_version=&#8221;3.19.4&#8243; background_image=&#8221;https:\/\/vidaromoravia.cz\/wp-content\/uploads\/2019\/02\/kontakt_bg.jpg&#8221; custom_padding=&#8221;|0px||0|false|false&#8221; next_background_color=&#8221;#ffffff&#8221;][et_pb_row _builder_version=&#8221;3.19.4&#8243;][et_pb_column type=&#8221;4_4&#8243;][et_pb_text _builder_version=&#8221;3.19.4&#8243; text_orientation=&#8221;center&#8221; background_layout=&#8221;dark&#8221;]<\/p>\n<h1>\u041a\u043e\u043d\u0442\u0430\u043a\u0442\u0438<\/h1>\n<p>[\/et_pb_text][\/et_pb_column][\/et_pb_row][\/et_pb_section][et_pb_section bb_built=&#8221;1&#8243; _builder_version=&#8221;3.19.4&#8243; custom_padding=&#8221;|0px||0px|false|false&#8221; prev_background_color=&#8221;#000000&#8243;][et_pb_row _builder_version=&#8221;3.19.4&#8243;][et_pb_column type=&#8221;4_4&#8243;][et_pb_text module_class=&#8221;h2_podtrzeni&#8221; _builder_version=&#8221;3.19.4&#8243;]<\/p>\n<h2>\u041d\u0435 \u0432\u0430\u0433\u0430\u0439\u0442\u0435\u0441\u044f \u0437\u0432\u0435\u0440\u043d\u0443\u0442\u0438\u0441\u044f \u0434\u043e \u043d\u0430\u0441<\/h2>\n<\/p>\n<p>[\/et_pb_text][\/et_pb_column][\/et_pb_row][et_pb_row _builder_version=&#8221;3.19.4&#8243;][et_pb_column type=&#8221;1_2&#8243;][et_pb_blurb title=&#8221;\u041d\u043e\u043c\u0435\u0440 \u0442\u0435\u043b\u0435\u0444\u043e\u043d\u0443&#8221; image=&#8221;https:\/\/vidaromoravia.cz\/wp-content\/uploads\/2019\/02\/phone.png&#8221; module_class=&#8221;kontakt_box&#8221; _builder_version=&#8221;3.19.4&#8243; header_level=&#8221;h3&#8243; header_text_align=&#8221;center&#8221; text_orientation=&#8221;center&#8221; animation=&#8221;off&#8221;]<\/p>\n<p>+420 774 434 144<\/p>\n<\/p>\n<p>[\/et_pb_blurb][\/et_pb_column][et_pb_column type=&#8221;1_2&#8243;][et_pb_blurb title=&#8221;\u0410\u0434\u0440\u0435\u0441\u0430 \u0435\u043b\u0435\u043a\u0442\u0440\u043e\u043d\u043d\u043e\u0457 \u043f\u043e\u0448\u0442\u0438&#8221; image=&#8221;https:\/\/vidaromoravia.cz\/wp-content\/uploads\/2019\/02\/email.png&#8221; module_class=&#8221;kontakt_box&#8221; _builder_version=&#8221;3.19.4&#8243; header_level=&#8221;h3&#8243; header_text_align=&#8221;center&#8221; text_orientation=&#8221;center&#8221; animation=&#8221;off&#8221;]<\/p>\n<p>info@vidaromoravia.cz<\/p>\n<\/p>\n<p>[\/et_pb_blurb][\/et_pb_column][\/et_pb_row][\/et_pb_section]<\/p>\n","protected":false},"excerpt":{"rendered":"<p>\u041a\u043e\u043d\u0442\u0430\u043a\u0442\u0438 \u041d\u0435 \u0432\u0430\u0433\u0430\u0439\u0442\u0435\u0441\u044f \u0437\u0432\u0435\u0440\u043d\u0443\u0442\u0438\u0441\u044f \u0434\u043e \u043d\u0430\u0441 +420 774 434 144 info@vidaromoravia.cz<\/p>\n","protected":false},"author":1,"featured_media":0,"parent":0,"menu_order":0,"comment_status":"closed","ping_status":"closed","template":"","meta":{"_et_pb_use_builder":"on","_et_pb_old_content":"","_et_gb_content_width":"","footnotes":""},"class_list":["post-561","page","type-page","status-publish","hentry"],"yoast_head":"<!-- This site is optimized with the Yoast SEO plugin v27.3 - https:\/\/yoast.com\/product\/yoast-seo-wordpress\/ -->\n<title>\u041a\u043e\u043d\u0442\u0430\u043a\u0442\u0438 - Vidaro Moravia - profesion\u00e1ln\u00ed poradenstv\u00ed<\/title>\n<meta name=\"robots\" content=\"index, follow, max-snippet:-1, max-image-preview:large, max-video-preview:-1\" \/>\n<link rel=\"canonical\" href=\"https:\/\/vidaromoravia.cz\/uk\/\u043a\u043e\u043d\u0442\u0430\u043a\u0442\u0438\/\" \/>\n<meta property=\"og:locale\" content=\"uk_UA\" \/>\n<meta property=\"og:type\" content=\"article\" \/>\n<meta property=\"og:title\" content=\"\u041a\u043e\u043d\u0442\u0430\u043a\u0442\u0438 - Vidaro Moravia - profesion\u00e1ln\u00ed poradenstv\u00ed\" \/>\n<meta property=\"og:description\" content=\"\u041a\u043e\u043d\u0442\u0430\u043a\u0442\u0438 \u041d\u0435 \u0432\u0430\u0433\u0430\u0439\u0442\u0435\u0441\u044f \u0437\u0432\u0435\u0440\u043d\u0443\u0442\u0438\u0441\u044f \u0434\u043e \u043d\u0430\u0441 +420 774 434 144 info@vidaromoravia.cz\" \/>\n<meta property=\"og:url\" content=\"https:\/\/vidaromoravia.cz\/uk\/\u043a\u043e\u043d\u0442\u0430\u043a\u0442\u0438\/\" \/>\n<meta property=\"og:site_name\" content=\"Vidaro Moravia - profesion\u00e1ln\u00ed poradenstv\u00ed\" \/>\n<meta property=\"article:modified_time\" content=\"2019-04-10T12:30:55+00:00\" \/>\n<meta name=\"twitter:card\" content=\"summary_large_image\" \/>\n<meta name=\"twitter:label1\" content=\"Est. reading time\" \/>\n\t<meta name=\"twitter:data1\" content=\"1 minute\" \/>\n<script type=\"application\/ld+json\" class=\"yoast-schema-graph\">{\"@context\":\"https:\\\/\\\/schema.org\",\"@graph\":[{\"@type\":\"WebPage\",\"@id\":\"https:\\\/\\\/vidaromoravia.cz\\\/uk\\\/%d0%ba%d0%be%d0%bd%d1%82%d0%b0%d0%ba%d1%82%d0%b8\\\/\",\"url\":\"https:\\\/\\\/vidaromoravia.cz\\\/uk\\\/%d0%ba%d0%be%d0%bd%d1%82%d0%b0%d0%ba%d1%82%d0%b8\\\/\",\"name\":\"\u041a\u043e\u043d\u0442\u0430\u043a\u0442\u0438 - Vidaro Moravia - profesion\u00e1ln\u00ed poradenstv\u00ed\",\"isPartOf\":{\"@id\":\"https:\\\/\\\/vidaromoravia.cz\\\/#website\"},\"datePublished\":\"2019-04-02T09:21:02+00:00\",\"dateModified\":\"2019-04-10T12:30:55+00:00\",\"breadcrumb\":{\"@id\":\"https:\\\/\\\/vidaromoravia.cz\\\/uk\\\/%d0%ba%d0%be%d0%bd%d1%82%d0%b0%d0%ba%d1%82%d0%b8\\\/#breadcrumb\"},\"inLanguage\":\"uk-UA\",\"potentialAction\":[{\"@type\":\"ReadAction\",\"target\":[\"https:\\\/\\\/vidaromoravia.cz\\\/uk\\\/%d0%ba%d0%be%d0%bd%d1%82%d0%b0%d0%ba%d1%82%d0%b8\\\/\"]}]},{\"@type\":\"BreadcrumbList\",\"@id\":\"https:\\\/\\\/vidaromoravia.cz\\\/uk\\\/%d0%ba%d0%be%d0%bd%d1%82%d0%b0%d0%ba%d1%82%d0%b8\\\/#breadcrumb\",\"itemListElement\":[{\"@type\":\"ListItem\",\"position\":1,\"name\":\"Home\",\"item\":\"https:\\\/\\\/vidaromoravia.cz\\\/uk\\\/\"},{\"@type\":\"ListItem\",\"position\":2,\"name\":\"\u041a\u043e\u043d\u0442\u0430\u043a\u0442\u0438\"}]},{\"@type\":\"WebSite\",\"@id\":\"https:\\\/\\\/vidaromoravia.cz\\\/#website\",\"url\":\"https:\\\/\\\/vidaromoravia.cz\\\/\",\"name\":\"Vidaro Moravia - profesion\u00e1ln\u00ed poradenstv\u00ed\",\"description\":\"\",\"potentialAction\":[{\"@type\":\"SearchAction\",\"target\":{\"@type\":\"EntryPoint\",\"urlTemplate\":\"https:\\\/\\\/vidaromoravia.cz\\\/?s={search_term_string}\"},\"query-input\":{\"@type\":\"PropertyValueSpecification\",\"valueRequired\":true,\"valueName\":\"search_term_string\"}}],\"inLanguage\":\"uk-UA\"}]}<\/script>\n<!-- \/ Yoast SEO plugin. -->","yoast_head_json":{"title":"\u041a\u043e\u043d\u0442\u0430\u043a\u0442\u0438 - Vidaro Moravia - profesion\u00e1ln\u00ed poradenstv\u00ed","robots":{"index":"index","follow":"follow","max-snippet":"max-snippet:-1","max-image-preview":"max-image-preview:large","max-video-preview":"max-video-preview:-1"},"canonical":"https:\/\/vidaromoravia.cz\/uk\/\u043a\u043e\u043d\u0442\u0430\u043a\u0442\u0438\/","og_locale":"uk_UA","og_type":"article","og_title":"\u041a\u043e\u043d\u0442\u0430\u043a\u0442\u0438 - Vidaro Moravia - profesion\u00e1ln\u00ed poradenstv\u00ed","og_description":"\u041a\u043e\u043d\u0442\u0430\u043a\u0442\u0438 \u041d\u0435 \u0432\u0430\u0433\u0430\u0439\u0442\u0435\u0441\u044f \u0437\u0432\u0435\u0440\u043d\u0443\u0442\u0438\u0441\u044f \u0434\u043e \u043d\u0430\u0441 +420 774 434 144 info@vidaromoravia.cz","og_url":"https:\/\/vidaromoravia.cz\/uk\/\u043a\u043e\u043d\u0442\u0430\u043a\u0442\u0438\/","og_site_name":"Vidaro Moravia - profesion\u00e1ln\u00ed poradenstv\u00ed","article_modified_time":"2019-04-10T12:30:55+00:00","twitter_card":"summary_large_image","twitter_misc":{"Est. reading time":"1 minute"},"schema":{"@context":"https:\/\/schema.org","@graph":[{"@type":"WebPage","@id":"https:\/\/vidaromoravia.cz\/uk\/%d0%ba%d0%be%d0%bd%d1%82%d0%b0%d0%ba%d1%82%d0%b8\/","url":"https:\/\/vidaromoravia.cz\/uk\/%d0%ba%d0%be%d0%bd%d1%82%d0%b0%d0%ba%d1%82%d0%b8\/","name":"\u041a\u043e\u043d\u0442\u0430\u043a\u0442\u0438 - Vidaro Moravia - profesion\u00e1ln\u00ed poradenstv\u00ed","isPartOf":{"@id":"https:\/\/vidaromoravia.cz\/#website"},"datePublished":"2019-04-02T09:21:02+00:00","dateModified":"2019-04-10T12:30:55+00:00","breadcrumb":{"@id":"https:\/\/vidaromoravia.cz\/uk\/%d0%ba%d0%be%d0%bd%d1%82%d0%b0%d0%ba%d1%82%d0%b8\/#breadcrumb"},"inLanguage":"uk-UA","potentialAction":[{"@type":"ReadAction","target":["https:\/\/vidaromoravia.cz\/uk\/%d0%ba%d0%be%d0%bd%d1%82%d0%b0%d0%ba%d1%82%d0%b8\/"]}]},{"@type":"BreadcrumbList","@id":"https:\/\/vidaromoravia.cz\/uk\/%d0%ba%d0%be%d0%bd%d1%82%d0%b0%d0%ba%d1%82%d0%b8\/#breadcrumb","itemListElement":[{"@type":"ListItem","position":1,"name":"Home","item":"https:\/\/vidaromoravia.cz\/uk\/"},{"@type":"ListItem","position":2,"name":"\u041a\u043e\u043d\u0442\u0430\u043a\u0442\u0438"}]},{"@type":"WebSite","@id":"https:\/\/vidaromoravia.cz\/#website","url":"https:\/\/vidaromoravia.cz\/","name":"Vidaro Moravia - profesion\u00e1ln\u00ed poradenstv\u00ed","description":"","potentialAction":[{"@type":"SearchAction","target":{"@type":"EntryPoint","urlTemplate":"https:\/\/vidaromoravia.cz\/?s={search_term_string}"},"query-input":{"@type":"PropertyValueSpecification","valueRequired":true,"valueName":"search_term_string"}}],"inLanguage":"uk-UA"}]}},"_links":{"self":[{"href":"https:\/\/vidaromoravia.cz\/uk\/wp-json\/wp\/v2\/pages\/561","targetHints":{"allow":["GET"]}}],"collection":[{"href":"https:\/\/vidaromoravia.cz\/uk\/wp-json\/wp\/v2\/pages"}],"about":[{"href":"https:\/\/vidaromoravia.cz\/uk\/wp-json\/wp\/v2\/types\/page"}],"author":[{"embeddable":true,"href":"https:\/\/vidaromoravia.cz\/uk\/wp-json\/wp\/v2\/users\/1"}],"replies":[{"embeddable":true,"href":"https:\/\/vidaromoravia.cz\/uk\/wp-json\/wp\/v2\/comments?post=561"}],"version-history":[{"count":2,"href":"https:\/\/vidaromoravia.cz\/uk\/wp-json\/wp\/v2\/pages\/561\/revisions"}],"predecessor-version":[{"id":687,"href":"https:\/\/vidaromoravia.cz\/uk\/wp-json\/wp\/v2\/pages\/561\/revisions\/687"}],"wp:attachment":[{"href":"https:\/\/vidaromoravia.cz\/uk\/wp-json\/wp\/v2\/media?parent=561"}],"curies":[{"name":"wp","href":"https:\/\/api.w.org\/{rel}","templated":true}]}}