{"id":566,"date":"2019-04-02T09:22:44","date_gmt":"2019-04-02T09:22:44","guid":{"rendered":"https:\/\/vidaromoravia.cz\/?page_id=566"},"modified":"2019-04-02T09:25:48","modified_gmt":"2019-04-02T09:25:48","slug":"%d1%87%d0%b0%d1%81%d1%82%d0%be-%d0%b7%d0%b0%d0%b4%d0%b0%d0%b2%d0%b0%d0%bd%d1%96-%d0%bf%d0%b8%d1%82%d0%b0%d0%bd%d0%bd%d1%8f","status":"publish","type":"page","link":"https:\/\/vidaromoravia.cz\/uk\/%d1%87%d0%b0%d1%81%d1%82%d0%be-%d0%b7%d0%b0%d0%b4%d0%b0%d0%b2%d0%b0%d0%bd%d1%96-%d0%bf%d0%b8%d1%82%d0%b0%d0%bd%d0%bd%d1%8f\/","title":{"rendered":"\u0427\u0430\u0441\u0442\u043e \u0437\u0430\u0434\u0430\u0432\u0430\u043d\u0456 \u043f\u0438\u0442\u0430\u043d\u043d\u044f"},"content":{"rendered":"<p>[et_pb_section bb_built=&#8221;1&#8243; module_class=&#8221;welcome_podstranka&#8221; _builder_version=&#8221;3.19.4&#8243; background_image=&#8221;https:\/\/vidaromoravia.cz\/wp-content\/uploads\/2019\/02\/viza_bg.jpg&#8221; custom_padding=&#8221;|0px||0|false|false&#8221; next_background_color=&#8221;#ffffff&#8221;][et_pb_row _builder_version=&#8221;3.19.4&#8243;][et_pb_column type=&#8221;4_4&#8243;][et_pb_text _builder_version=&#8221;3.19.4&#8243; text_orientation=&#8221;center&#8221; background_layout=&#8221;dark&#8221;]<\/p>\n<h1>\u0427\u0430\u0441\u0442\u043e \u0437\u0430\u0434\u0430\u0432\u0430\u043d\u0456 \u043f\u0438\u0442\u0430\u043d\u043d\u044f<\/h1>\n<p>[\/et_pb_text][\/et_pb_column][\/et_pb_row][\/et_pb_section][et_pb_section bb_built=&#8221;1&#8243; _builder_version=&#8221;3.19.4&#8243; custom_padding=&#8221;80px|0px||0px|false|false&#8221; prev_background_color=&#8221;#000000&#8243;][et_pb_row _builder_version=&#8221;3.19.4&#8243;][et_pb_column type=&#8221;4_4&#8243;][et_pb_toggle admin_label=&#8221;Jak dlouho trv\u00e1 vy\u0159\u00edzen\u00ed kr\u00e1tkodob\u00e9ho v\u00edza na 90 dni a jestli ho mu\u017eu prodlu\u017eit?&#8221; title=&#8221;\u0421\u043a\u0456\u043b\u044c\u043a\u0438 \u0447\u0430\u0441\u0443 \u043f\u043e\u0442\u0440\u0456\u0431\u043d\u043e \u0434\u043b\u044f \u043e\u0442\u0440\u0438\u043c\u0430\u043d\u043d\u044f \u043a\u043e\u0440\u043e\u0442\u043a\u043e\u0441\u0442\u0440\u043e\u043a\u043e\u0432\u043e\u0457 \u0432\u0456\u0437\u0438 \u043d\u0430 90 \u0434\u043d\u0456\u0432 \u0456 \u0447\u0438 \u043c\u043e\u0436\u0443 \u044f \u0457\u0457 \u043f\u0440\u043e\u0434\u043e\u0432\u0436\u0438\u0442\u0438?&#8221; module_class=&#8221;prepinac&#8221; _builder_version=&#8221;3.19.4&#8243;]<\/p>\n<p>\u041e\u0444\u043e\u0440\u043c\u043b\u0435\u043d\u043d\u044f \u043a\u043e\u0440\u043e\u0442\u043a\u043e\u0441\u0442\u0440\u043e\u043a\u043e\u0432\u043e\u0457 \u0432\u0456\u0437\u0438 \u0442\u0440\u0438\u0432\u0430\u0454 30-40 \u0434\u043d\u0456\u0432 \u0456 \u043d\u0435 \u043c\u043e\u0436\u0435 \u0431\u0443\u0442\u0438 \u043f\u0440\u043e\u0434\u043e\u0432\u0436\u0435\u043d\u043e.<\/p>\n<p>[\/et_pb_toggle][et_pb_toggle admin_label=&#8221;Kolik stoji ubytovan\u00ed a j\u00edzdenka?&#8221; title=&#8221;\u0421\u043a\u0456\u043b\u044c\u043a\u0438 \u043a\u043e\u0448\u0442\u0443\u0454 \u043f\u0440\u043e\u0436\u0438\u0432\u0430\u043d\u043d\u044f \u0442\u0430 \u043f\u0440\u043e\u0457\u0437\u043d\u0438\u0439?&#8221; module_class=&#8221;prepinac&#8221; _builder_version=&#8221;3.19.4&#8243;]<\/p>\n<p>\u0412\u0430\u0440\u0442\u0456\u0441\u0442\u044c \u043f\u0440\u043e\u0436\u0438\u0432\u0430\u043d\u043d\u044f: 125 \u043a\u0440\u043e\u043d &#8211; 135 \u043a\u0440\u043e\u043d \u0437\u0430 \u043d\u0456\u0447, \u0432\u0430\u0440\u0442\u0456\u0441\u0442\u044c \u043f\u0440\u043e\u0457\u0437\u043d\u043e\u0433\u043e \u0432 \u043c\u0456\u0441\u044c\u043a\u043e\u043c\u0443 \u0433\u0440\u043e\u043c\u0430\u0434\u0441\u044c\u043a\u043e\u043c\u0443 \u0442\u0440\u0430\u043d\u0441\u043f\u043e\u0440\u0442\u0456 550 \u043a\u0440\u043e\u043d &#8211; 830 \u043a\u0440\u043e\u043d \/ \u043c\u0456\u0441\u044f\u0446\u044c.<\/p>\n<p>[\/et_pb_toggle][et_pb_toggle admin_label=&#8221;Mam si vz\u00edt svoje povle\u010deni?&#8221; title=&#8221;\u0427\u0438 \u043f\u043e\u0442\u0440\u0456\u0431\u043d\u043e \u0432\u0437\u044f\u0442\u0438 \u0437 \u0441\u043e\u0431\u043e\u044e \u043f\u043e\u0441\u0442\u0456\u043b\u044c\u043d\u0443 \u0431\u0456\u043b\u0438\u0437\u043d\u0443?&#8221; module_class=&#8221;prepinac&#8221; _builder_version=&#8221;3.19.4&#8243;]<\/p>\n<p>\u041f\u043e\u0441\u0442\u0456\u043b\u044c\u043d\u0443 \u0431\u0456\u043b\u0438\u0437\u043d\u0443 \u0442\u0430\u043a, \u0430 \u043a\u043e\u0432\u0434\u0440\u0443 \u0456 \u043f\u043e\u0434\u0443\u0448\u043a\u0443 \u043c\u0438 \u0437\u0430\u0431\u0435\u0437\u043f\u0435\u0447\u0438\u043c\u043e.<\/p>\n<p>[\/et_pb_toggle][et_pb_toggle admin_label=&#8221;Mam rozum\u011bt \u010desky?&#8221; title=&#8221;\u042f \u043f\u043e\u0432\u0438\u043d\u0435\u043d\/\u043d\u043d\u0430 \u0437\u043d\u0430\u0442\u0438 \u0447\u0435\u0441\u044c\u043a\u0443?&#8221; module_class=&#8221;prepinac&#8221; _builder_version=&#8221;3.19.4&#8243;]<\/p>\n<p>\u041d\u0435 \u043f\u043e\u0432\u0438\u043d\u043d\u0456, \u0430\u043b\u0435 \u0432\u043c\u0456\u043d\u043d\u044f \u0433\u043e\u0432\u043e\u0440\u0438\u0442\u0438 \u0430\u0431\u043e \u0440\u043e\u0437\u0443\u043c\u0456\u0442\u0438 \u043f\u043e-\u0447\u0435\u0441\u044c\u043a\u0438 \u0431\u0443\u0434\u0435 \u0434\u043b\u044f \u0432\u0430\u0441 \u043f\u0435\u0440\u0435\u0432\u0430\u0433\u043e\u044e<\/p>\n<p>[\/et_pb_toggle][et_pb_toggle admin_label=&#8221;Mam rozum\u011bt \u010desky?&#8221; title=&#8221;\u0427\u0438 \u043f\u043e\u0442\u0440\u0456\u0431\u043d\u043e \u0432\u0437\u044f\u0442\u0438 \u0437 \u0441\u043e\u0431\u043e\u044e \u0440\u043e\u0431\u043e\u0447\u0438\u0439 \u043e\u0434\u044f\u0433?&#8221; module_class=&#8221;prepinac&#8221; _builder_version=&#8221;3.19.4&#8243;]<\/p>\n<p>\u0422\u0430\u043a, \u043c\u0443\u043b\u044f\u0440, \u0431\u0443\u0434\u0456\u0432\u0435\u043b\u044c\u043d\u0438\u043a, \u0437\u0432\u0430\u0440\u043d\u0438\u043a \u043f\u043e\u0432\u0438\u043d\u043d\u0456 \u043c\u0430\u0442\u0438 \u0440\u043e\u0431\u043e\u0447\u0438\u0439 \u043a\u043e\u043c\u0431\u0456\u043d\u0435\u0437\u043e\u043d. \u0423 \u043f\u043e\u043a\u043e\u0457\u0432\u043a\u0438 \u0442\u0430 \u043f\u0440\u0438\u0431\u0438\u0440\u0430\u043b\u044c\u043d\u0438\u0446\u0456, \u043f\u043e\u0432\u0438\u043d\u043d\u0430 \u0431\u0443\u0442\u0438 \u0447\u043e\u0440\u043d\u0430 \u0444\u0443\u0442\u0431\u043e\u043b\u043a\u0430 \u0456 \u0447\u043e\u0440\u043d\u0456 \u0448\u0442\u0430\u043d\u0438.<\/p>\n<p>[\/et_pb_toggle][\/et_pb_column][\/et_pb_row][\/et_pb_section]<\/p>\n","protected":false},"excerpt":{"rendered":"<p>\u0427\u0430\u0441\u0442\u043e \u0437\u0430\u0434\u0430\u0432\u0430\u043d\u0456 \u043f\u0438\u0442\u0430\u043d\u043d\u044f \u041e\u0444\u043e\u0440\u043c\u043b\u0435\u043d\u043d\u044f \u043a\u043e\u0440\u043e\u0442\u043a\u043e\u0441\u0442\u0440\u043e\u043a\u043e\u0432\u043e\u0457 \u0432\u0456\u0437\u0438 \u0442\u0440\u0438\u0432\u0430\u0454 30-40 \u0434\u043d\u0456\u0432 \u0456 \u043d\u0435 \u043c\u043e\u0436\u0435 \u0431\u0443\u0442\u0438 \u043f\u0440\u043e\u0434\u043e\u0432\u0436\u0435\u043d\u043e. \u0412\u0430\u0440\u0442\u0456\u0441\u0442\u044c \u043f\u0440\u043e\u0436\u0438\u0432\u0430\u043d\u043d\u044f: 125 \u043a\u0440\u043e\u043d &#8211; 135 \u043a\u0440\u043e\u043d \u0437\u0430 \u043d\u0456\u0447, \u0432\u0430\u0440\u0442\u0456\u0441\u0442\u044c \u043f\u0440\u043e\u0457\u0437\u043d\u043e\u0433\u043e \u0432 \u043c\u0456\u0441\u044c\u043a\u043e\u043c\u0443 \u0433\u0440\u043e\u043c\u0430\u0434\u0441\u044c\u043a\u043e\u043c\u0443 \u0442\u0440\u0430\u043d\u0441\u043f\u043e\u0440\u0442\u0456 550 \u043a\u0440\u043e\u043d &#8211; 830 \u043a\u0440\u043e\u043d \/ \u043c\u0456\u0441\u044f\u0446\u044c. \u041f\u043e\u0441\u0442\u0456\u043b\u044c\u043d\u0443 \u0431\u0456\u043b\u0438\u0437\u043d\u0443 \u0442\u0430\u043a, \u0430 \u043a\u043e\u0432\u0434\u0440\u0443 \u0456 \u043f\u043e\u0434\u0443\u0448\u043a\u0443 \u043c\u0438 \u0437\u0430\u0431\u0435\u0437\u043f\u0435\u0447\u0438\u043c\u043e. \u041d\u0435 \u043f\u043e\u0432\u0438\u043d\u043d\u0456, \u0430\u043b\u0435 \u0432\u043c\u0456\u043d\u043d\u044f \u0433\u043e\u0432\u043e\u0440\u0438\u0442\u0438 \u0430\u0431\u043e \u0440\u043e\u0437\u0443\u043c\u0456\u0442\u0438 \u043f\u043e-\u0447\u0435\u0441\u044c\u043a\u0438 \u0431\u0443\u0434\u0435 \u0434\u043b\u044f [&hellip;]<\/p>\n","protected":false},"author":1,"featured_media":0,"parent":0,"menu_order":0,"comment_status":"closed","ping_status":"closed","template":"","meta":{"_et_pb_use_builder":"on","_et_pb_old_content":"","_et_gb_content_width":"","footnotes":""},"class_list":["post-566","page","type-page","status-publish","hentry"],"yoast_head":"<!-- This site is optimized with the Yoast SEO plugin v27.3 - https:\/\/yoast.com\/product\/yoast-seo-wordpress\/ -->\n<title>\u0427\u0430\u0441\u0442\u043e \u0437\u0430\u0434\u0430\u0432\u0430\u043d\u0456 \u043f\u0438\u0442\u0430\u043d\u043d\u044f - Vidaro Moravia - profesion\u00e1ln\u00ed poradenstv\u00ed<\/title>\n<meta name=\"robots\" content=\"index, follow, max-snippet:-1, max-image-preview:large, max-video-preview:-1\" \/>\n<link rel=\"canonical\" href=\"https:\/\/vidaromoravia.cz\/uk\/\u0447\u0430\u0441\u0442\u043e-\u0437\u0430\u0434\u0430\u0432\u0430\u043d\u0456-\u043f\u0438\u0442\u0430\u043d\u043d\u044f\/\" \/>\n<meta property=\"og:locale\" content=\"uk_UA\" \/>\n<meta property=\"og:type\" content=\"article\" \/>\n<meta property=\"og:title\" content=\"\u0427\u0430\u0441\u0442\u043e \u0437\u0430\u0434\u0430\u0432\u0430\u043d\u0456 \u043f\u0438\u0442\u0430\u043d\u043d\u044f - Vidaro Moravia - profesion\u00e1ln\u00ed poradenstv\u00ed\" \/>\n<meta property=\"og:description\" content=\"\u0427\u0430\u0441\u0442\u043e \u0437\u0430\u0434\u0430\u0432\u0430\u043d\u0456 \u043f\u0438\u0442\u0430\u043d\u043d\u044f \u041e\u0444\u043e\u0440\u043c\u043b\u0435\u043d\u043d\u044f \u043a\u043e\u0440\u043e\u0442\u043a\u043e\u0441\u0442\u0440\u043e\u043a\u043e\u0432\u043e\u0457 \u0432\u0456\u0437\u0438 \u0442\u0440\u0438\u0432\u0430\u0454 30-40 \u0434\u043d\u0456\u0432 \u0456 \u043d\u0435 \u043c\u043e\u0436\u0435 \u0431\u0443\u0442\u0438 \u043f\u0440\u043e\u0434\u043e\u0432\u0436\u0435\u043d\u043e. \u0412\u0430\u0440\u0442\u0456\u0441\u0442\u044c \u043f\u0440\u043e\u0436\u0438\u0432\u0430\u043d\u043d\u044f: 125 \u043a\u0440\u043e\u043d - 135 \u043a\u0440\u043e\u043d \u0437\u0430 \u043d\u0456\u0447, \u0432\u0430\u0440\u0442\u0456\u0441\u0442\u044c \u043f\u0440\u043e\u0457\u0437\u043d\u043e\u0433\u043e \u0432 \u043c\u0456\u0441\u044c\u043a\u043e\u043c\u0443 \u0433\u0440\u043e\u043c\u0430\u0434\u0441\u044c\u043a\u043e\u043c\u0443 \u0442\u0440\u0430\u043d\u0441\u043f\u043e\u0440\u0442\u0456 550 \u043a\u0440\u043e\u043d - 830 \u043a\u0440\u043e\u043d \/ \u043c\u0456\u0441\u044f\u0446\u044c. \u041f\u043e\u0441\u0442\u0456\u043b\u044c\u043d\u0443 \u0431\u0456\u043b\u0438\u0437\u043d\u0443 \u0442\u0430\u043a, \u0430 \u043a\u043e\u0432\u0434\u0440\u0443 \u0456 \u043f\u043e\u0434\u0443\u0448\u043a\u0443 \u043c\u0438 \u0437\u0430\u0431\u0435\u0437\u043f\u0435\u0447\u0438\u043c\u043e. \u041d\u0435 \u043f\u043e\u0432\u0438\u043d\u043d\u0456, \u0430\u043b\u0435 \u0432\u043c\u0456\u043d\u043d\u044f \u0433\u043e\u0432\u043e\u0440\u0438\u0442\u0438 \u0430\u0431\u043e \u0440\u043e\u0437\u0443\u043c\u0456\u0442\u0438 \u043f\u043e-\u0447\u0435\u0441\u044c\u043a\u0438 \u0431\u0443\u0434\u0435 \u0434\u043b\u044f [&hellip;]\" \/>\n<meta property=\"og:url\" content=\"https:\/\/vidaromoravia.cz\/uk\/\u0447\u0430\u0441\u0442\u043e-\u0437\u0430\u0434\u0430\u0432\u0430\u043d\u0456-\u043f\u0438\u0442\u0430\u043d\u043d\u044f\/\" \/>\n<meta property=\"og:site_name\" content=\"Vidaro Moravia - profesion\u00e1ln\u00ed poradenstv\u00ed\" \/>\n<meta property=\"article:modified_time\" content=\"2019-04-02T09:25:48+00:00\" \/>\n<meta name=\"twitter:card\" content=\"summary_large_image\" \/>\n<meta name=\"twitter:label1\" content=\"Est. reading time\" \/>\n\t<meta name=\"twitter:data1\" content=\"1 minute\" \/>\n<script type=\"application\/ld+json\" class=\"yoast-schema-graph\">{\"@context\":\"https:\\\/\\\/schema.org\",\"@graph\":[{\"@type\":\"WebPage\",\"@id\":\"https:\\\/\\\/vidaromoravia.cz\\\/uk\\\/%d1%87%d0%b0%d1%81%d1%82%d0%be-%d0%b7%d0%b0%d0%b4%d0%b0%d0%b2%d0%b0%d0%bd%d1%96-%d0%bf%d0%b8%d1%82%d0%b0%d0%bd%d0%bd%d1%8f\\\/\",\"url\":\"https:\\\/\\\/vidaromoravia.cz\\\/uk\\\/%d1%87%d0%b0%d1%81%d1%82%d0%be-%d0%b7%d0%b0%d0%b4%d0%b0%d0%b2%d0%b0%d0%bd%d1%96-%d0%bf%d0%b8%d1%82%d0%b0%d0%bd%d0%bd%d1%8f\\\/\",\"name\":\"\u0427\u0430\u0441\u0442\u043e \u0437\u0430\u0434\u0430\u0432\u0430\u043d\u0456 \u043f\u0438\u0442\u0430\u043d\u043d\u044f - Vidaro Moravia - profesion\u00e1ln\u00ed poradenstv\u00ed\",\"isPartOf\":{\"@id\":\"https:\\\/\\\/vidaromoravia.cz\\\/#website\"},\"datePublished\":\"2019-04-02T09:22:44+00:00\",\"dateModified\":\"2019-04-02T09:25:48+00:00\",\"breadcrumb\":{\"@id\":\"https:\\\/\\\/vidaromoravia.cz\\\/uk\\\/%d1%87%d0%b0%d1%81%d1%82%d0%be-%d0%b7%d0%b0%d0%b4%d0%b0%d0%b2%d0%b0%d0%bd%d1%96-%d0%bf%d0%b8%d1%82%d0%b0%d0%bd%d0%bd%d1%8f\\\/#breadcrumb\"},\"inLanguage\":\"uk-UA\",\"potentialAction\":[{\"@type\":\"ReadAction\",\"target\":[\"https:\\\/\\\/vidaromoravia.cz\\\/uk\\\/%d1%87%d0%b0%d1%81%d1%82%d0%be-%d0%b7%d0%b0%d0%b4%d0%b0%d0%b2%d0%b0%d0%bd%d1%96-%d0%bf%d0%b8%d1%82%d0%b0%d0%bd%d0%bd%d1%8f\\\/\"]}]},{\"@type\":\"BreadcrumbList\",\"@id\":\"https:\\\/\\\/vidaromoravia.cz\\\/uk\\\/%d1%87%d0%b0%d1%81%d1%82%d0%be-%d0%b7%d0%b0%d0%b4%d0%b0%d0%b2%d0%b0%d0%bd%d1%96-%d0%bf%d0%b8%d1%82%d0%b0%d0%bd%d0%bd%d1%8f\\\/#breadcrumb\",\"itemListElement\":[{\"@type\":\"ListItem\",\"position\":1,\"name\":\"Home\",\"item\":\"https:\\\/\\\/vidaromoravia.cz\\\/uk\\\/\"},{\"@type\":\"ListItem\",\"position\":2,\"name\":\"\u0427\u0430\u0441\u0442\u043e \u0437\u0430\u0434\u0430\u0432\u0430\u043d\u0456 \u043f\u0438\u0442\u0430\u043d\u043d\u044f\"}]},{\"@type\":\"WebSite\",\"@id\":\"https:\\\/\\\/vidaromoravia.cz\\\/#website\",\"url\":\"https:\\\/\\\/vidaromoravia.cz\\\/\",\"name\":\"Vidaro Moravia - profesion\u00e1ln\u00ed poradenstv\u00ed\",\"description\":\"\",\"potentialAction\":[{\"@type\":\"SearchAction\",\"target\":{\"@type\":\"EntryPoint\",\"urlTemplate\":\"https:\\\/\\\/vidaromoravia.cz\\\/?s={search_term_string}\"},\"query-input\":{\"@type\":\"PropertyValueSpecification\",\"valueRequired\":true,\"valueName\":\"search_term_string\"}}],\"inLanguage\":\"uk-UA\"}]}<\/script>\n<!-- \/ Yoast SEO plugin. -->","yoast_head_json":{"title":"\u0427\u0430\u0441\u0442\u043e \u0437\u0430\u0434\u0430\u0432\u0430\u043d\u0456 \u043f\u0438\u0442\u0430\u043d\u043d\u044f - Vidaro Moravia - profesion\u00e1ln\u00ed poradenstv\u00ed","robots":{"index":"index","follow":"follow","max-snippet":"max-snippet:-1","max-image-preview":"max-image-preview:large","max-video-preview":"max-video-preview:-1"},"canonical":"https:\/\/vidaromoravia.cz\/uk\/\u0447\u0430\u0441\u0442\u043e-\u0437\u0430\u0434\u0430\u0432\u0430\u043d\u0456-\u043f\u0438\u0442\u0430\u043d\u043d\u044f\/","og_locale":"uk_UA","og_type":"article","og_title":"\u0427\u0430\u0441\u0442\u043e \u0437\u0430\u0434\u0430\u0432\u0430\u043d\u0456 \u043f\u0438\u0442\u0430\u043d\u043d\u044f - Vidaro Moravia - profesion\u00e1ln\u00ed poradenstv\u00ed","og_description":"\u0427\u0430\u0441\u0442\u043e \u0437\u0430\u0434\u0430\u0432\u0430\u043d\u0456 \u043f\u0438\u0442\u0430\u043d\u043d\u044f \u041e\u0444\u043e\u0440\u043c\u043b\u0435\u043d\u043d\u044f \u043a\u043e\u0440\u043e\u0442\u043a\u043e\u0441\u0442\u0440\u043e\u043a\u043e\u0432\u043e\u0457 \u0432\u0456\u0437\u0438 \u0442\u0440\u0438\u0432\u0430\u0454 30-40 \u0434\u043d\u0456\u0432 \u0456 \u043d\u0435 \u043c\u043e\u0436\u0435 \u0431\u0443\u0442\u0438 \u043f\u0440\u043e\u0434\u043e\u0432\u0436\u0435\u043d\u043e. \u0412\u0430\u0440\u0442\u0456\u0441\u0442\u044c \u043f\u0440\u043e\u0436\u0438\u0432\u0430\u043d\u043d\u044f: 125 \u043a\u0440\u043e\u043d - 135 \u043a\u0440\u043e\u043d \u0437\u0430 \u043d\u0456\u0447, \u0432\u0430\u0440\u0442\u0456\u0441\u0442\u044c \u043f\u0440\u043e\u0457\u0437\u043d\u043e\u0433\u043e \u0432 \u043c\u0456\u0441\u044c\u043a\u043e\u043c\u0443 \u0433\u0440\u043e\u043c\u0430\u0434\u0441\u044c\u043a\u043e\u043c\u0443 \u0442\u0440\u0430\u043d\u0441\u043f\u043e\u0440\u0442\u0456 550 \u043a\u0440\u043e\u043d - 830 \u043a\u0440\u043e\u043d \/ \u043c\u0456\u0441\u044f\u0446\u044c. \u041f\u043e\u0441\u0442\u0456\u043b\u044c\u043d\u0443 \u0431\u0456\u043b\u0438\u0437\u043d\u0443 \u0442\u0430\u043a, \u0430 \u043a\u043e\u0432\u0434\u0440\u0443 \u0456 \u043f\u043e\u0434\u0443\u0448\u043a\u0443 \u043c\u0438 \u0437\u0430\u0431\u0435\u0437\u043f\u0435\u0447\u0438\u043c\u043e. \u041d\u0435 \u043f\u043e\u0432\u0438\u043d\u043d\u0456, \u0430\u043b\u0435 \u0432\u043c\u0456\u043d\u043d\u044f \u0433\u043e\u0432\u043e\u0440\u0438\u0442\u0438 \u0430\u0431\u043e \u0440\u043e\u0437\u0443\u043c\u0456\u0442\u0438 \u043f\u043e-\u0447\u0435\u0441\u044c\u043a\u0438 \u0431\u0443\u0434\u0435 \u0434\u043b\u044f [&hellip;]","og_url":"https:\/\/vidaromoravia.cz\/uk\/\u0447\u0430\u0441\u0442\u043e-\u0437\u0430\u0434\u0430\u0432\u0430\u043d\u0456-\u043f\u0438\u0442\u0430\u043d\u043d\u044f\/","og_site_name":"Vidaro Moravia - profesion\u00e1ln\u00ed poradenstv\u00ed","article_modified_time":"2019-04-02T09:25:48+00:00","twitter_card":"summary_large_image","twitter_misc":{"Est. reading time":"1 minute"},"schema":{"@context":"https:\/\/schema.org","@graph":[{"@type":"WebPage","@id":"https:\/\/vidaromoravia.cz\/uk\/%d1%87%d0%b0%d1%81%d1%82%d0%be-%d0%b7%d0%b0%d0%b4%d0%b0%d0%b2%d0%b0%d0%bd%d1%96-%d0%bf%d0%b8%d1%82%d0%b0%d0%bd%d0%bd%d1%8f\/","url":"https:\/\/vidaromoravia.cz\/uk\/%d1%87%d0%b0%d1%81%d1%82%d0%be-%d0%b7%d0%b0%d0%b4%d0%b0%d0%b2%d0%b0%d0%bd%d1%96-%d0%bf%d0%b8%d1%82%d0%b0%d0%bd%d0%bd%d1%8f\/","name":"\u0427\u0430\u0441\u0442\u043e \u0437\u0430\u0434\u0430\u0432\u0430\u043d\u0456 \u043f\u0438\u0442\u0430\u043d\u043d\u044f - Vidaro Moravia - profesion\u00e1ln\u00ed poradenstv\u00ed","isPartOf":{"@id":"https:\/\/vidaromoravia.cz\/#website"},"datePublished":"2019-04-02T09:22:44+00:00","dateModified":"2019-04-02T09:25:48+00:00","breadcrumb":{"@id":"https:\/\/vidaromoravia.cz\/uk\/%d1%87%d0%b0%d1%81%d1%82%d0%be-%d0%b7%d0%b0%d0%b4%d0%b0%d0%b2%d0%b0%d0%bd%d1%96-%d0%bf%d0%b8%d1%82%d0%b0%d0%bd%d0%bd%d1%8f\/#breadcrumb"},"inLanguage":"uk-UA","potentialAction":[{"@type":"ReadAction","target":["https:\/\/vidaromoravia.cz\/uk\/%d1%87%d0%b0%d1%81%d1%82%d0%be-%d0%b7%d0%b0%d0%b4%d0%b0%d0%b2%d0%b0%d0%bd%d1%96-%d0%bf%d0%b8%d1%82%d0%b0%d0%bd%d0%bd%d1%8f\/"]}]},{"@type":"BreadcrumbList","@id":"https:\/\/vidaromoravia.cz\/uk\/%d1%87%d0%b0%d1%81%d1%82%d0%be-%d0%b7%d0%b0%d0%b4%d0%b0%d0%b2%d0%b0%d0%bd%d1%96-%d0%bf%d0%b8%d1%82%d0%b0%d0%bd%d0%bd%d1%8f\/#breadcrumb","itemListElement":[{"@type":"ListItem","position":1,"name":"Home","item":"https:\/\/vidaromoravia.cz\/uk\/"},{"@type":"ListItem","position":2,"name":"\u0427\u0430\u0441\u0442\u043e \u0437\u0430\u0434\u0430\u0432\u0430\u043d\u0456 \u043f\u0438\u0442\u0430\u043d\u043d\u044f"}]},{"@type":"WebSite","@id":"https:\/\/vidaromoravia.cz\/#website","url":"https:\/\/vidaromoravia.cz\/","name":"Vidaro Moravia - profesion\u00e1ln\u00ed poradenstv\u00ed","description":"","potentialAction":[{"@type":"SearchAction","target":{"@type":"EntryPoint","urlTemplate":"https:\/\/vidaromoravia.cz\/?s={search_term_string}"},"query-input":{"@type":"PropertyValueSpecification","valueRequired":true,"valueName":"search_term_string"}}],"inLanguage":"uk-UA"}]}},"_links":{"self":[{"href":"https:\/\/vidaromoravia.cz\/uk\/wp-json\/wp\/v2\/pages\/566","targetHints":{"allow":["GET"]}}],"collection":[{"href":"https:\/\/vidaromoravia.cz\/uk\/wp-json\/wp\/v2\/pages"}],"about":[{"href":"https:\/\/vidaromoravia.cz\/uk\/wp-json\/wp\/v2\/types\/page"}],"author":[{"embeddable":true,"href":"https:\/\/vidaromoravia.cz\/uk\/wp-json\/wp\/v2\/users\/1"}],"replies":[{"embeddable":true,"href":"https:\/\/vidaromoravia.cz\/uk\/wp-json\/wp\/v2\/comments?post=566"}],"version-history":[{"count":3,"href":"https:\/\/vidaromoravia.cz\/uk\/wp-json\/wp\/v2\/pages\/566\/revisions"}],"predecessor-version":[{"id":571,"href":"https:\/\/vidaromoravia.cz\/uk\/wp-json\/wp\/v2\/pages\/566\/revisions\/571"}],"wp:attachment":[{"href":"https:\/\/vidaromoravia.cz\/uk\/wp-json\/wp\/v2\/media?parent=566"}],"curies":[{"name":"wp","href":"https:\/\/api.w.org\/{rel}","templated":true}]}}