{"id":620,"date":"2019-04-03T07:55:25","date_gmt":"2019-04-03T07:55:25","guid":{"rendered":"https:\/\/vidaromoravia.cz\/?page_id=620"},"modified":"2021-08-23T08:15:13","modified_gmt":"2021-08-23T08:15:13","slug":"%d0%b1%d1%83%d0%b4%d1%96%d0%b2%d0%b5%d0%bb%d1%8c%d0%bd%d0%b8%d0%ba","status":"publish","type":"page","link":"https:\/\/vidaromoravia.cz\/uk\/%d0%b2%d0%b0%d0%ba%d0%b0%d0%bd%d1%81%d1%96%d1%97-%d0%bd%d0%b0-%d1%80%d0%be%d0%b1%d0%be%d1%82%d1%83\/%d0%b1%d1%83%d0%b4%d1%96%d0%b2%d0%b5%d0%bb%d1%8c%d0%bd%d0%b8%d0%ba\/","title":{"rendered":"\u0411\u0443\u0434\u0456\u0432\u0435\u043b\u044c\u043d\u0438\u043a"},"content":{"rendered":"<p>[et_pb_section fb_built=&#8221;1&#8243; module_class=&#8221;welcome_podstranka&#8221; _builder_version=&#8221;3.22&#8243; background_image=&#8221;https:\/\/vidaromoravia.cz\/wp-content\/uploads\/2019\/02\/viza_bg.jpg&#8221; custom_padding=&#8221;|0px||0|false|false&#8221; global_colors_info=&#8221;{}&#8221;][et_pb_row _builder_version=&#8221;3.25&#8243; global_colors_info=&#8221;{}&#8221;][et_pb_column type=&#8221;4_4&#8243; _builder_version=&#8221;3.25&#8243; custom_padding=&#8221;|||&#8221; global_colors_info=&#8221;{}&#8221; custom_padding__hover=&#8221;|||&#8221;][et_pb_text _builder_version=&#8221;3.27.4&#8243; text_orientation=&#8221;center&#8221; background_layout=&#8221;dark&#8221; global_colors_info=&#8221;{}&#8221;]<\/p>\n<h1>\u0411\u0443\u0434\u0456\u0432\u0435\u043b\u044c\u043d\u0438\u043a<\/h1>\n<p>[\/et_pb_text][\/et_pb_column][\/et_pb_row][\/et_pb_section][et_pb_section fb_built=&#8221;1&#8243; _builder_version=&#8221;3.22&#8243; custom_padding=&#8221;80px|0px||0px|false|false&#8221; global_colors_info=&#8221;{}&#8221;][et_pb_row _builder_version=&#8221;3.25&#8243; global_colors_info=&#8221;{}&#8221;][et_pb_column type=&#8221;4_4&#8243; _builder_version=&#8221;3.25&#8243; custom_padding=&#8221;|||&#8221; global_colors_info=&#8221;{}&#8221; custom_padding__hover=&#8221;|||&#8221;][et_pb_text module_class=&#8221;h2_podtrzeni&#8221; _builder_version=&#8221;3.27.4&#8243; global_colors_info=&#8221;{}&#8221;]<\/p>\n<h2>\u041e\u043f\u0438\u0441<\/h2>\n<p>[\/et_pb_text][\/et_pb_column][\/et_pb_row][et_pb_row column_structure=&#8221;1_2,1_2&#8243; _builder_version=&#8221;3.25&#8243; global_colors_info=&#8221;{}&#8221;][et_pb_column type=&#8221;1_2&#8243; _builder_version=&#8221;3.25&#8243; custom_padding=&#8221;|||&#8221; global_colors_info=&#8221;{}&#8221; custom_padding__hover=&#8221;|||&#8221;][et_pb_text _builder_version=&#8221;3.27.4&#8243; global_colors_info=&#8221;{}&#8221;]<\/p>\n<ul class=\"seznam\">\n<li>100 &#8211; 120 \u043a\u0440\u043e\u043d \/ \u0433\u043e\u0434\u0438\u043d\u0430<\/li>\n<li>\u041d\u0430\u044f\u0432\u043d\u0456\u0441\u0442\u044c \u0432\u043e\u0434\u0456\u0439\u0441\u044c\u043a\u043e\u0433\u043e \u043f\u043e\u0441\u0432\u0456\u0434\u0447\u0435\u043d\u043d\u044f \u0454 \u043f\u0435\u0440\u0435\u0432\u0430\u0433\u043e\u044e<\/li>\n<li>\u0420\u043e\u0431\u043e\u0442\u0430 \u043d\u0430 \u0431\u0443\u0434\u0456\u0432\u043d\u0438\u0446\u0442\u0432\u0456<\/li>\n<\/ul>\n<p>[\/et_pb_text][\/et_pb_column][et_pb_column type=&#8221;1_2&#8243; _builder_version=&#8221;3.25&#8243; custom_padding=&#8221;|||&#8221; global_colors_info=&#8221;{}&#8221; custom_padding__hover=&#8221;|||&#8221;][et_pb_image src=&#8221;https:\/\/vidaromoravia.cz\/wp-content\/uploads\/2019\/03\/POMOCNY-DELNIK.jpg&#8221; align_tablet=&#8221;center&#8221; align_phone=&#8221;&#8221; align_last_edited=&#8221;on|desktop&#8221; _builder_version=&#8221;3.23&#8243; global_colors_info=&#8221;{}&#8221;]<br \/>\n[\/et_pb_image][\/et_pb_column][\/et_pb_row][et_pb_row _builder_version=&#8221;3.25&#8243; global_colors_info=&#8221;{}&#8221;][et_pb_column type=&#8221;4_4&#8243; _builder_version=&#8221;3.25&#8243; custom_padding=&#8221;|||&#8221; global_colors_info=&#8221;{}&#8221; custom_padding__hover=&#8221;|||&#8221;][et_pb_text _builder_version=&#8221;3.27.4&#8243; text_font_size=&#8221;30px&#8221; text_orientation=&#8221;center&#8221; custom_margin=&#8221;||60px&#8221; custom_css_main_element=&#8221;font-weight: 900;&#8221; global_colors_info=&#8221;{}&#8221;]<\/p>\n<p>\u0412\u0430\u0441 \u0437\u0430\u0446\u0456\u043a\u0430\u0432\u0438\u043b\u0430 \u0446\u044f \u0432\u0430\u043a\u0430\u043d\u0441\u0456\u044f?<\/p>\n<p>[\/et_pb_text][et_pb_code _builder_version=&#8221;3.19.4&#8243; text_orientation=&#8221;center&#8221; global_colors_info=&#8221;{}&#8221;]<a href=\"https:\/\/vidaromoravia.cz\/kontakt\/\" class=\"tlacitko\">\u0417\u0432&#8217;\u044f\u0436\u0456\u0442\u044c\u0441\u044f \u0437 \u043d\u0430\u043c\u0438<\/a>[\/et_pb_code][\/et_pb_column][\/et_pb_row][\/et_pb_section][et_pb_section fb_built=&#8221;1&#8243; _builder_version=&#8221;3.19.4&#8243; custom_padding=&#8221;0|0px|53.0313px|0px|false|false&#8221; global_module=&#8221;593&#8243; global_colors_info=&#8221;{}&#8221;][et_pb_row _builder_version=&#8221;3.25&#8243; global_colors_info=&#8221;{}&#8221;][et_pb_column type=&#8221;4_4&#8243; _builder_version=&#8221;3.25&#8243; custom_padding=&#8221;|||&#8221; global_colors_info=&#8221;{}&#8221; custom_padding__hover=&#8221;|||&#8221;][et_pb_text module_class=&#8221;h2_podtrzeni&#8221; _builder_version=&#8221;3.27.4&#8243; global_colors_info=&#8221;{}&#8221;]<\/p>\n<h2>\u041f\u0440\u043e\u043f\u043e\u0437\u0438\u0446\u0456\u044f \u0432\u0430\u043a\u0430\u043d\u0441\u0456\u0439<\/h2>\n<\/p>\n<p>[\/et_pb_text][\/et_pb_column][\/et_pb_row][et_pb_row column_structure=&#8221;1_3,1_3,1_3&#8243; _builder_version=&#8221;3.25&#8243; global_colors_info=&#8221;{}&#8221;][et_pb_column type=&#8221;1_3&#8243; _builder_version=&#8221;3.25&#8243; custom_padding=&#8221;|||&#8221; global_colors_info=&#8221;{}&#8221; custom_padding__hover=&#8221;|||&#8221;][et_pb_text module_class=&#8221;pozice&#8221; _builder_version=&#8221;4.4.3&#8243; global_colors_info=&#8221;{}&#8221;]<\/p>\n<h3>\u041c\u0443\u043b\u044f\u0440<\/h3>\n<p>110 &#8211; 130 \u043a\u0440\u043e\u043d \/ \u0433\u043e\u0434\u0438\u043d\u0430<\/p>\n<p><a class=\"tlacitko\" href=\"https:\/\/vidaromoravia.cz\/uk\/%D0%B2%D0%B0%D0%BA%D0%B0%D0%BD%D1%81%D1%96%D1%97-%D0%BD%D0%B0-%D1%80%D0%BE%D0%B1%D0%BE%D1%82%D1%83\/%D0%BC%D1%83%D0%BB%D1%8F%D1%80\/\">\u041f\u0440\u043e \u0440\u043e\u0431\u043e\u0447\u0443 \u0432\u0430\u043a\u0430\u043d\u0441\u0456\u044e<\/a><\/p>\n<\/p>\n<p>[\/et_pb_text][\/et_pb_column][et_pb_column type=&#8221;1_3&#8243; _builder_version=&#8221;3.25&#8243; custom_padding=&#8221;|||&#8221; global_colors_info=&#8221;{}&#8221; custom_padding__hover=&#8221;|||&#8221;][et_pb_text module_class=&#8221;pozice&#8221; _builder_version=&#8221;4.4.3&#8243; global_colors_info=&#8221;{}&#8221;]<\/p>\n<h3>\u0411\u0443\u0434\u0456\u0432\u0435\u043b\u044c\u043d\u0438\u043a<\/h3>\n<p>95 &#8211; 110 \u043a\u0440\u043e\u043d \/ \u0433\u043e\u0434\u0438\u043d\u0430<\/p>\n<p><a class=\"tlacitko\" href=\"https:\/\/vidaromoravia.cz\/uk\/%D0%B2%D0%B0%D0%BA%D0%B0%D0%BD%D1%81%D1%96%D1%97-%D0%BD%D0%B0-%D1%80%D0%BE%D0%B1%D0%BE%D1%82%D1%83\/%D0%B1%D1%83%D0%B4%D1%96%D0%B2%D0%B5%D0%BB%D1%8C%D0%BD%D0%B8%D0%BA\/\">\u041f\u0440\u043e \u0440\u043e\u0431\u043e\u0447\u0443 \u0432\u0430\u043a\u0430\u043d\u0441\u0456\u044e<\/a><\/p>\n<p>[\/et_pb_text][\/et_pb_column][et_pb_column type=&#8221;1_3&#8243; _builder_version=&#8221;3.25&#8243; custom_padding=&#8221;|||&#8221; global_colors_info=&#8221;{}&#8221; custom_padding__hover=&#8221;|||&#8221;][et_pb_text module_class=&#8221;pozice&#8221; _builder_version=&#8221;4.4.3&#8243; global_colors_info=&#8221;{}&#8221;]<\/p>\n<h3>\u0415\u043b\u0435\u043a\u0442\u0440\u0438\u043a<\/h3>\n<p>110 &#8211; 130 \u043a\u0440\u043e\u043d \/ \u0433\u043e\u0434\u0438\u043d\u0430<\/p>\n<p><a class=\"tlacitko\" href=\"https:\/\/vidaromoravia.cz\/uk\/%D0%B2%D0%B0%D0%BA%D0%B0%D0%BD%D1%81%D1%96%D1%97-%D0%BD%D0%B0-%D1%80%D0%BE%D0%B1%D0%BE%D1%82%D1%83\/%D0%B5%D0%BB%D0%B5%D0%BA%D1%82%D1%80%D0%B8%D0%BA\/\">\u041f\u0440\u043e \u0440\u043e\u0431\u043e\u0447\u0443 \u0432\u0430\u043a\u0430\u043d\u0441\u0456\u044e<\/a><\/p>\n<\/p>\n<p>[\/et_pb_text][\/et_pb_column][\/et_pb_row][et_pb_row column_structure=&#8221;1_3,1_3,1_3&#8243; _builder_version=&#8221;3.25&#8243; global_colors_info=&#8221;{}&#8221;][et_pb_column type=&#8221;1_3&#8243; _builder_version=&#8221;3.25&#8243; custom_padding=&#8221;|||&#8221; global_colors_info=&#8221;{}&#8221; custom_padding__hover=&#8221;|||&#8221;][et_pb_text module_class=&#8221;pozice&#8221; _builder_version=&#8221;4.4.3&#8243; global_colors_info=&#8221;{}&#8221;]<\/p>\n<h3>\u041f\u043e\u043a\u043e\u0457\u0432\u043a\u0430<\/h3>\n<p>85 &#8211; 95 \u043a\u0440\u043e\u043d \/ \u0433\u043e\u0434\u0438\u043d\u0430<\/p>\n<p><a class=\"tlacitko\" href=\"https:\/\/vidaromoravia.cz\/uk\/%D0%B2%D0%B0%D0%BA%D0%B0%D0%BD%D1%81%D1%96%D1%97-%D0%BD%D0%B0-%D1%80%D0%BE%D0%B1%D0%BE%D1%82%D1%83\/%D0%BF%D0%BE%D0%BA%D0%BE%D1%97%D0%B2%D0%BA%D0%B0\/\">\u041f\u0440\u043e \u0440\u043e\u0431\u043e\u0447\u0443 \u0432\u0430\u043a\u0430\u043d\u0441\u0456\u044e<\/a><\/p>\n<\/p>\n<p>[\/et_pb_text][\/et_pb_column][et_pb_column type=&#8221;1_3&#8243; _builder_version=&#8221;3.25&#8243; custom_padding=&#8221;|||&#8221; global_colors_info=&#8221;{}&#8221; custom_padding__hover=&#8221;|||&#8221;][et_pb_text module_class=&#8221;pozice&#8221; _builder_version=&#8221;4.4.3&#8243; global_colors_info=&#8221;{}&#8221;]<\/p>\n<h3>\u0417\u0432\u0430\u0440\u044e\u0432\u0430\u043b\u044c\u043d\u0438\u043a<\/h3>\n<p>110 &#8211; 130 \u043a\u0440\u043e\u043d \/ \u0433\u043e\u0434\u0438\u043d\u0430<\/p>\n<p><a class=\"tlacitko\" href=\"https:\/\/vidaromoravia.cz\/uk\/%D0%B2%D0%B0%D0%BA%D0%B0%D0%BD%D1%81%D1%96%D1%97-%D0%BD%D0%B0-%D1%80%D0%BE%D0%B1%D0%BE%D1%82%D1%83\/%D0%B7%D0%B2%D0%B0%D1%80%D1%8E%D0%B2%D0%B0%D0%BB%D1%8C%D0%BD%D0%B8%D0%BA\/\">\u041f\u0440\u043e \u0440\u043e\u0431\u043e\u0447\u0443 \u0432\u0430\u043a\u0430\u043d\u0441\u0456\u044e<\/a><\/p>\n<\/p>\n<p>[\/et_pb_text][\/et_pb_column][et_pb_column type=&#8221;1_3&#8243; _builder_version=&#8221;3.25&#8243; custom_padding=&#8221;|||&#8221; global_colors_info=&#8221;{}&#8221; custom_padding__hover=&#8221;|||&#8221;][et_pb_text module_class=&#8221;pozice&#8221; _builder_version=&#8221;4.4.3&#8243; global_colors_info=&#8221;{}&#8221;]<\/p>\n<h3>\u041f\u0440\u0438\u0431\u0438\u0440\u0430\u043b\u044c\u043d\u0438\u0446\u044f<\/h3>\n<p>85 &#8211; 95 \u043a\u0440\u043e\u043d \/ \u0433\u043e\u0434\u0438\u043d\u0430<\/p>\n<p><a class=\"tlacitko\" href=\"https:\/\/vidaromoravia.cz\/uk\/%D0%B2%D0%B0%D0%BA%D0%B0%D0%BD%D1%81%D1%96%D1%97-%D0%BD%D0%B0-%D1%80%D0%BE%D0%B1%D0%BE%D1%82%D1%83\/%D0%BF%D1%80%D0%B8%D0%B1%D0%B8%D1%80%D0%B0%D0%BB%D1%8C%D0%BD%D0%B8%D1%86%D1%8F\/\">\u041f\u0440\u043e \u0440\u043e\u0431\u043e\u0447\u0443 \u0432\u0430\u043a\u0430\u043d\u0441\u0456\u044e<\/a><\/p>\n<\/p>\n<p>[\/et_pb_text][\/et_pb_column][\/et_pb_row][\/et_pb_section][et_pb_section fb_built=&#8221;1&#8243; _builder_version=&#8221;3.22&#8243; custom_padding=&#8221;|0px||0px|false|false&#8221; global_colors_info=&#8221;{}&#8221;][et_pb_row _builder_version=&#8221;3.25&#8243; global_colors_info=&#8221;{}&#8221;][et_pb_column type=&#8221;4_4&#8243; _builder_version=&#8221;3.25&#8243; custom_padding=&#8221;|||&#8221; global_colors_info=&#8221;{}&#8221; custom_padding__hover=&#8221;|||&#8221;][et_pb_text module_class=&#8221;h2_podtrzeni&#8221; _builder_version=&#8221;3.27.4&#8243; global_colors_info=&#8221;{}&#8221;]<\/p>\n<h2>\u041d\u0435 \u0432\u0430\u0433\u0430\u0439\u0442\u0435\u0441\u044f \u0437\u0432\u0435\u0440\u043d\u0443\u0442\u0438\u0441\u044f \u0434\u043e \u043d\u0430\u0441<\/h2>\n<\/p>\n<p>[\/et_pb_text][\/et_pb_column][\/et_pb_row][et_pb_row column_structure=&#8221;1_2,1_2&#8243; _builder_version=&#8221;3.25&#8243; global_colors_info=&#8221;{}&#8221;][et_pb_column type=&#8221;1_2&#8243; _builder_version=&#8221;3.25&#8243; custom_padding=&#8221;|||&#8221; global_colors_info=&#8221;{}&#8221; custom_padding__hover=&#8221;|||&#8221;][et_pb_blurb title=&#8221;\u041d\u043e\u043c\u0435\u0440 \u0442\u0435\u043b\u0435\u0444\u043e\u043d\u0443&#8221; image=&#8221;https:\/\/vidaromoravia.cz\/wp-content\/uploads\/2019\/02\/phone.png&#8221; module_class=&#8221;kontakt_box&#8221; _builder_version=&#8221;3.19.4&#8243; header_level=&#8221;h3&#8243; header_text_align=&#8221;center&#8221; text_orientation=&#8221;center&#8221; animation=&#8221;off&#8221; global_colors_info=&#8221;{}&#8221;]<\/p>\n<p>+420 774 434 144<\/p>\n<\/p>\n<p>[\/et_pb_blurb][\/et_pb_column][et_pb_column type=&#8221;1_2&#8243; _builder_version=&#8221;3.25&#8243; custom_padding=&#8221;|||&#8221; global_colors_info=&#8221;{}&#8221; custom_padding__hover=&#8221;|||&#8221;][et_pb_blurb title=&#8221;\u0410\u0434\u0440\u0435\u0441\u0430 \u0435\u043b\u0435\u043a\u0442\u0440\u043e\u043d\u043d\u043e\u0457 \u043f\u043e\u0448\u0442\u0438&#8221; image=&#8221;https:\/\/vidaromoravia.cz\/wp-content\/uploads\/2019\/02\/email.png&#8221; module_class=&#8221;kontakt_box&#8221; _builder_version=&#8221;3.19.4&#8243; header_level=&#8221;h3&#8243; header_text_align=&#8221;center&#8221; text_orientation=&#8221;center&#8221; animation=&#8221;off&#8221; global_colors_info=&#8221;{}&#8221;]<\/p>\n<p>info@vidaromoravia.cz<\/p>\n<\/p>\n<p>[\/et_pb_blurb][\/et_pb_column][\/et_pb_row][\/et_pb_section]<\/p>\n","protected":false},"excerpt":{"rendered":"<p>\u0411\u0443\u0434\u0456\u0432\u0435\u043b\u044c\u043d\u0438\u043a \u041e\u043f\u0438\u0441 100 &#8211; 120 \u043a\u0440\u043e\u043d \/ \u0433\u043e\u0434\u0438\u043d\u0430 \u041d\u0430\u044f\u0432\u043d\u0456\u0441\u0442\u044c \u0432\u043e\u0434\u0456\u0439\u0441\u044c\u043a\u043e\u0433\u043e \u043f\u043e\u0441\u0432\u0456\u0434\u0447\u0435\u043d\u043d\u044f \u0454 \u043f\u0435\u0440\u0435\u0432\u0430\u0433\u043e\u044e \u0420\u043e\u0431\u043e\u0442\u0430 \u043d\u0430 \u0431\u0443\u0434\u0456\u0432\u043d\u0438\u0446\u0442\u0432\u0456 \u0412\u0430\u0441 \u0437\u0430\u0446\u0456\u043a\u0430\u0432\u0438\u043b\u0430 \u0446\u044f \u0432\u0430\u043a\u0430\u043d\u0441\u0456\u044f? \u041f\u0440\u043e\u043f\u043e\u0437\u0438\u0446\u0456\u044f \u0432\u0430\u043a\u0430\u043d\u0441\u0456\u0439 \u041c\u0443\u043b\u044f\u0440 110 &#8211; 130 \u043a\u0440\u043e\u043d \/ \u0433\u043e\u0434\u0438\u043d\u0430 \u041f\u0440\u043e \u0440\u043e\u0431\u043e\u0447\u0443 \u0432\u0430\u043a\u0430\u043d\u0441\u0456\u044e \u0411\u0443\u0434\u0456\u0432\u0435\u043b\u044c\u043d\u0438\u043a 95 &#8211; 110 \u043a\u0440\u043e\u043d \/ \u0433\u043e\u0434\u0438\u043d\u0430 \u041f\u0440\u043e \u0440\u043e\u0431\u043e\u0447\u0443 \u0432\u0430\u043a\u0430\u043d\u0441\u0456\u044e\u0415\u043b\u0435\u043a\u0442\u0440\u0438\u043a 110 &#8211; 130 \u043a\u0440\u043e\u043d \/ \u0433\u043e\u0434\u0438\u043d\u0430 \u041f\u0440\u043e \u0440\u043e\u0431\u043e\u0447\u0443 \u0432\u0430\u043a\u0430\u043d\u0441\u0456\u044e \u041f\u043e\u043a\u043e\u0457\u0432\u043a\u0430 85 &#8211; 95 [&hellip;]<\/p>\n","protected":false},"author":1,"featured_media":0,"parent":576,"menu_order":0,"comment_status":"closed","ping_status":"closed","template":"","meta":{"_et_pb_use_builder":"on","_et_pb_old_content":"","_et_gb_content_width":"","footnotes":""},"class_list":["post-620","page","type-page","status-publish","hentry"],"yoast_head":"<!-- This site is optimized with the Yoast SEO plugin v27.3 - https:\/\/yoast.com\/product\/yoast-seo-wordpress\/ -->\n<title>\u0411\u0443\u0434\u0456\u0432\u0435\u043b\u044c\u043d\u0438\u043a - Vidaro Moravia - profesion\u00e1ln\u00ed poradenstv\u00ed<\/title>\n<meta name=\"robots\" content=\"index, follow, max-snippet:-1, max-image-preview:large, max-video-preview:-1\" \/>\n<link rel=\"canonical\" href=\"https:\/\/vidaromoravia.cz\/pracovni-nabidky\/pomocny-delnik\/\" \/>\n<meta property=\"og:locale\" content=\"uk_UA\" \/>\n<meta property=\"og:type\" content=\"article\" \/>\n<meta property=\"og:title\" content=\"\u0411\u0443\u0434\u0456\u0432\u0435\u043b\u044c\u043d\u0438\u043a - Vidaro Moravia - profesion\u00e1ln\u00ed poradenstv\u00ed\" \/>\n<meta property=\"og:description\" content=\"\u0411\u0443\u0434\u0456\u0432\u0435\u043b\u044c\u043d\u0438\u043a \u041e\u043f\u0438\u0441 100 - 120 \u043a\u0440\u043e\u043d \/ \u0433\u043e\u0434\u0438\u043d\u0430 \u041d\u0430\u044f\u0432\u043d\u0456\u0441\u0442\u044c \u0432\u043e\u0434\u0456\u0439\u0441\u044c\u043a\u043e\u0433\u043e \u043f\u043e\u0441\u0432\u0456\u0434\u0447\u0435\u043d\u043d\u044f \u0454 \u043f\u0435\u0440\u0435\u0432\u0430\u0433\u043e\u044e \u0420\u043e\u0431\u043e\u0442\u0430 \u043d\u0430 \u0431\u0443\u0434\u0456\u0432\u043d\u0438\u0446\u0442\u0432\u0456 \u0412\u0430\u0441 \u0437\u0430\u0446\u0456\u043a\u0430\u0432\u0438\u043b\u0430 \u0446\u044f \u0432\u0430\u043a\u0430\u043d\u0441\u0456\u044f? \u041f\u0440\u043e\u043f\u043e\u0437\u0438\u0446\u0456\u044f \u0432\u0430\u043a\u0430\u043d\u0441\u0456\u0439 \u041c\u0443\u043b\u044f\u0440 110 - 130 \u043a\u0440\u043e\u043d \/ \u0433\u043e\u0434\u0438\u043d\u0430 \u041f\u0440\u043e \u0440\u043e\u0431\u043e\u0447\u0443 \u0432\u0430\u043a\u0430\u043d\u0441\u0456\u044e \u0411\u0443\u0434\u0456\u0432\u0435\u043b\u044c\u043d\u0438\u043a 95 - 110 \u043a\u0440\u043e\u043d \/ \u0433\u043e\u0434\u0438\u043d\u0430 \u041f\u0440\u043e \u0440\u043e\u0431\u043e\u0447\u0443 \u0432\u0430\u043a\u0430\u043d\u0441\u0456\u044e\u0415\u043b\u0435\u043a\u0442\u0440\u0438\u043a 110 - 130 \u043a\u0440\u043e\u043d \/ \u0433\u043e\u0434\u0438\u043d\u0430 \u041f\u0440\u043e \u0440\u043e\u0431\u043e\u0447\u0443 \u0432\u0430\u043a\u0430\u043d\u0441\u0456\u044e \u041f\u043e\u043a\u043e\u0457\u0432\u043a\u0430 85 - 95 [&hellip;]\" \/>\n<meta property=\"og:url\" content=\"https:\/\/vidaromoravia.cz\/pracovni-nabidky\/pomocny-delnik\/\" \/>\n<meta property=\"og:site_name\" content=\"Vidaro Moravia - profesion\u00e1ln\u00ed poradenstv\u00ed\" \/>\n<meta property=\"article:modified_time\" content=\"2021-08-23T08:15:13+00:00\" \/>\n<meta property=\"og:image\" content=\"https:\/\/vidaromoravia.cz\/wp-content\/uploads\/2019\/03\/vidaro-facebook-nahled.jpg\" \/>\n<meta name=\"twitter:card\" content=\"summary_large_image\" \/>\n<meta name=\"twitter:label1\" content=\"Est. reading time\" \/>\n\t<meta name=\"twitter:data1\" content=\"4 minutes\" \/>\n<script type=\"application\/ld+json\" class=\"yoast-schema-graph\">{\"@context\":\"https:\\\/\\\/schema.org\",\"@graph\":[{\"@type\":\"WebPage\",\"@id\":\"https:\\\/\\\/vidaromoravia.cz\\\/pracovni-nabidky\\\/pomocny-delnik\\\/\",\"url\":\"https:\\\/\\\/vidaromoravia.cz\\\/pracovni-nabidky\\\/pomocny-delnik\\\/\",\"name\":\"\u0411\u0443\u0434\u0456\u0432\u0435\u043b\u044c\u043d\u0438\u043a - Vidaro Moravia - profesion\u00e1ln\u00ed poradenstv\u00ed\",\"isPartOf\":{\"@id\":\"https:\\\/\\\/vidaromoravia.cz\\\/#website\"},\"datePublished\":\"2019-04-03T07:55:25+00:00\",\"dateModified\":\"2021-08-23T08:15:13+00:00\",\"breadcrumb\":{\"@id\":\"https:\\\/\\\/vidaromoravia.cz\\\/pracovni-nabidky\\\/pomocny-delnik\\\/#breadcrumb\"},\"inLanguage\":\"uk-UA\",\"potentialAction\":[{\"@type\":\"ReadAction\",\"target\":[\"https:\\\/\\\/vidaromoravia.cz\\\/pracovni-nabidky\\\/pomocny-delnik\\\/\"]}]},{\"@type\":\"BreadcrumbList\",\"@id\":\"https:\\\/\\\/vidaromoravia.cz\\\/pracovni-nabidky\\\/pomocny-delnik\\\/#breadcrumb\",\"itemListElement\":[{\"@type\":\"ListItem\",\"position\":1,\"name\":\"Home\",\"item\":\"https:\\\/\\\/vidaromoravia.cz\\\/uk\\\/\"},{\"@type\":\"ListItem\",\"position\":2,\"name\":\"\u0412\u0430\u043a\u0430\u043d\u0441\u0456\u0457 \u043d\u0430 \u0440\u043e\u0431\u043e\u0442\u0443\",\"item\":\"https:\\\/\\\/vidaromoravia.cz\\\/pracovni-nabidky\\\/\"},{\"@type\":\"ListItem\",\"position\":3,\"name\":\"\u0411\u0443\u0434\u0456\u0432\u0435\u043b\u044c\u043d\u0438\u043a\"}]},{\"@type\":\"WebSite\",\"@id\":\"https:\\\/\\\/vidaromoravia.cz\\\/#website\",\"url\":\"https:\\\/\\\/vidaromoravia.cz\\\/\",\"name\":\"Vidaro Moravia - profesion\u00e1ln\u00ed poradenstv\u00ed\",\"description\":\"\",\"potentialAction\":[{\"@type\":\"SearchAction\",\"target\":{\"@type\":\"EntryPoint\",\"urlTemplate\":\"https:\\\/\\\/vidaromoravia.cz\\\/?s={search_term_string}\"},\"query-input\":{\"@type\":\"PropertyValueSpecification\",\"valueRequired\":true,\"valueName\":\"search_term_string\"}}],\"inLanguage\":\"uk-UA\"}]}<\/script>\n<!-- \/ Yoast SEO plugin. -->","yoast_head_json":{"title":"\u0411\u0443\u0434\u0456\u0432\u0435\u043b\u044c\u043d\u0438\u043a - Vidaro Moravia - profesion\u00e1ln\u00ed poradenstv\u00ed","robots":{"index":"index","follow":"follow","max-snippet":"max-snippet:-1","max-image-preview":"max-image-preview:large","max-video-preview":"max-video-preview:-1"},"canonical":"https:\/\/vidaromoravia.cz\/pracovni-nabidky\/pomocny-delnik\/","og_locale":"uk_UA","og_type":"article","og_title":"\u0411\u0443\u0434\u0456\u0432\u0435\u043b\u044c\u043d\u0438\u043a - Vidaro Moravia - profesion\u00e1ln\u00ed poradenstv\u00ed","og_description":"\u0411\u0443\u0434\u0456\u0432\u0435\u043b\u044c\u043d\u0438\u043a \u041e\u043f\u0438\u0441 100 - 120 \u043a\u0440\u043e\u043d \/ \u0433\u043e\u0434\u0438\u043d\u0430 \u041d\u0430\u044f\u0432\u043d\u0456\u0441\u0442\u044c \u0432\u043e\u0434\u0456\u0439\u0441\u044c\u043a\u043e\u0433\u043e \u043f\u043e\u0441\u0432\u0456\u0434\u0447\u0435\u043d\u043d\u044f \u0454 \u043f\u0435\u0440\u0435\u0432\u0430\u0433\u043e\u044e \u0420\u043e\u0431\u043e\u0442\u0430 \u043d\u0430 \u0431\u0443\u0434\u0456\u0432\u043d\u0438\u0446\u0442\u0432\u0456 \u0412\u0430\u0441 \u0437\u0430\u0446\u0456\u043a\u0430\u0432\u0438\u043b\u0430 \u0446\u044f \u0432\u0430\u043a\u0430\u043d\u0441\u0456\u044f? \u041f\u0440\u043e\u043f\u043e\u0437\u0438\u0446\u0456\u044f \u0432\u0430\u043a\u0430\u043d\u0441\u0456\u0439 \u041c\u0443\u043b\u044f\u0440 110 - 130 \u043a\u0440\u043e\u043d \/ \u0433\u043e\u0434\u0438\u043d\u0430 \u041f\u0440\u043e \u0440\u043e\u0431\u043e\u0447\u0443 \u0432\u0430\u043a\u0430\u043d\u0441\u0456\u044e \u0411\u0443\u0434\u0456\u0432\u0435\u043b\u044c\u043d\u0438\u043a 95 - 110 \u043a\u0440\u043e\u043d \/ \u0433\u043e\u0434\u0438\u043d\u0430 \u041f\u0440\u043e \u0440\u043e\u0431\u043e\u0447\u0443 \u0432\u0430\u043a\u0430\u043d\u0441\u0456\u044e\u0415\u043b\u0435\u043a\u0442\u0440\u0438\u043a 110 - 130 \u043a\u0440\u043e\u043d \/ \u0433\u043e\u0434\u0438\u043d\u0430 \u041f\u0440\u043e \u0440\u043e\u0431\u043e\u0447\u0443 \u0432\u0430\u043a\u0430\u043d\u0441\u0456\u044e \u041f\u043e\u043a\u043e\u0457\u0432\u043a\u0430 85 - 95 [&hellip;]","og_url":"https:\/\/vidaromoravia.cz\/pracovni-nabidky\/pomocny-delnik\/","og_site_name":"Vidaro Moravia - profesion\u00e1ln\u00ed poradenstv\u00ed","article_modified_time":"2021-08-23T08:15:13+00:00","og_image":[{"url":"https:\/\/vidaromoravia.cz\/wp-content\/uploads\/2019\/03\/vidaro-facebook-nahled.jpg","type":"","width":"","height":""}],"twitter_card":"summary_large_image","twitter_misc":{"Est. reading time":"4 minutes"},"schema":{"@context":"https:\/\/schema.org","@graph":[{"@type":"WebPage","@id":"https:\/\/vidaromoravia.cz\/pracovni-nabidky\/pomocny-delnik\/","url":"https:\/\/vidaromoravia.cz\/pracovni-nabidky\/pomocny-delnik\/","name":"\u0411\u0443\u0434\u0456\u0432\u0435\u043b\u044c\u043d\u0438\u043a - Vidaro Moravia - profesion\u00e1ln\u00ed poradenstv\u00ed","isPartOf":{"@id":"https:\/\/vidaromoravia.cz\/#website"},"datePublished":"2019-04-03T07:55:25+00:00","dateModified":"2021-08-23T08:15:13+00:00","breadcrumb":{"@id":"https:\/\/vidaromoravia.cz\/pracovni-nabidky\/pomocny-delnik\/#breadcrumb"},"inLanguage":"uk-UA","potentialAction":[{"@type":"ReadAction","target":["https:\/\/vidaromoravia.cz\/pracovni-nabidky\/pomocny-delnik\/"]}]},{"@type":"BreadcrumbList","@id":"https:\/\/vidaromoravia.cz\/pracovni-nabidky\/pomocny-delnik\/#breadcrumb","itemListElement":[{"@type":"ListItem","position":1,"name":"Home","item":"https:\/\/vidaromoravia.cz\/uk\/"},{"@type":"ListItem","position":2,"name":"\u0412\u0430\u043a\u0430\u043d\u0441\u0456\u0457 \u043d\u0430 \u0440\u043e\u0431\u043e\u0442\u0443","item":"https:\/\/vidaromoravia.cz\/pracovni-nabidky\/"},{"@type":"ListItem","position":3,"name":"\u0411\u0443\u0434\u0456\u0432\u0435\u043b\u044c\u043d\u0438\u043a"}]},{"@type":"WebSite","@id":"https:\/\/vidaromoravia.cz\/#website","url":"https:\/\/vidaromoravia.cz\/","name":"Vidaro Moravia - profesion\u00e1ln\u00ed poradenstv\u00ed","description":"","potentialAction":[{"@type":"SearchAction","target":{"@type":"EntryPoint","urlTemplate":"https:\/\/vidaromoravia.cz\/?s={search_term_string}"},"query-input":{"@type":"PropertyValueSpecification","valueRequired":true,"valueName":"search_term_string"}}],"inLanguage":"uk-UA"}]}},"_links":{"self":[{"href":"https:\/\/vidaromoravia.cz\/uk\/wp-json\/wp\/v2\/pages\/620","targetHints":{"allow":["GET"]}}],"collection":[{"href":"https:\/\/vidaromoravia.cz\/uk\/wp-json\/wp\/v2\/pages"}],"about":[{"href":"https:\/\/vidaromoravia.cz\/uk\/wp-json\/wp\/v2\/types\/page"}],"author":[{"embeddable":true,"href":"https:\/\/vidaromoravia.cz\/uk\/wp-json\/wp\/v2\/users\/1"}],"replies":[{"embeddable":true,"href":"https:\/\/vidaromoravia.cz\/uk\/wp-json\/wp\/v2\/comments?post=620"}],"version-history":[{"count":4,"href":"https:\/\/vidaromoravia.cz\/uk\/wp-json\/wp\/v2\/pages\/620\/revisions"}],"predecessor-version":[{"id":814,"href":"https:\/\/vidaromoravia.cz\/uk\/wp-json\/wp\/v2\/pages\/620\/revisions\/814"}],"up":[{"embeddable":true,"href":"https:\/\/vidaromoravia.cz\/uk\/wp-json\/wp\/v2\/pages\/576"}],"wp:attachment":[{"href":"https:\/\/vidaromoravia.cz\/uk\/wp-json\/wp\/v2\/media?parent=620"}],"curies":[{"name":"wp","href":"https:\/\/api.w.org\/{rel}","templated":true}]}}